{"id":5821,"date":"2024-01-11T14:18:24","date_gmt":"2024-01-11T14:18:24","guid":{"rendered":"http:\/\/escuelanauticasalinas.com\/?page_id=5821"},"modified":"2025-03-26T04:35:17","modified_gmt":"2025-03-26T04:35:17","slug":"materiales","status":"publish","type":"page","link":"https:\/\/escuelanauticasalinas.com\/en\/materiales\/","title":{"rendered":"Materials"},"content":{"rendered":"<h2 class=\"wp-block-heading has-text-align-center has-base-background-color has-background\">Materials<\/h2>\n\n<div data-block-name=\"woocommerce\/product-category\" data-categories=\"[38]\" data-columns=\"4\" class=\"wc-block-grid wp-block-product-category wp-block-woocommerce-product-category wc-block-product-category has-4-columns has-multiple-rows\"><ul class=\"wc-block-grid__products\"><li class=\"wc-block-grid__product\">\n\t\t\t\t<a href=\"https:\/\/escuelanauticasalinas.com\/en\/product\/carta-nautica\/\" class=\"wc-block-grid__product-link\">\n\t\t\t\t\t\n\t\t\t\t\t<div class=\"wc-block-grid__product-image\"><img fetchpriority=\"high\" decoding=\"async\" width=\"400\" height=\"400\" src=\"https:\/\/escuelanauticasalinas.com\/wp-content\/uploads\/2024\/05\/carta-nautica-espana-400x400.png\" class=\"attachment-woocommerce_thumbnail size-woocommerce_thumbnail\" alt=\"Carta N\u00e1utica\" srcset=\"https:\/\/escuelanauticasalinas.com\/wp-content\/uploads\/2024\/05\/carta-nautica-espana-400x400.png 400w, https:\/\/escuelanauticasalinas.com\/wp-content\/uploads\/2024\/05\/carta-nautica-espana-150x150.png 150w, https:\/\/escuelanauticasalinas.com\/wp-content\/uploads\/2024\/05\/carta-nautica-espana-13x12.png 13w, https:\/\/escuelanauticasalinas.com\/wp-content\/uploads\/2024\/05\/carta-nautica-espana-100x100.png 100w\" sizes=\"(max-width: 400px) 100vw, 400px\" \/><\/div>\n\t\t\t\t\t<div class=\"wc-block-grid__product-title\">Carta N\u00e1utica<\/div>\n\t\t\t\t<\/a>\n\t\t\t\t<div class=\"wc-block-grid__product-price price\"><span class=\"woocommerce-Price-amount amount\">2,00&nbsp;<span class=\"woocommerce-Price-currencySymbol\">&euro;<\/span><\/span><\/div>\n\t\t\t\t\n\t\t\t\t<div class=\"wp-block-button wc-block-grid__product-add-to-cart\"><a href=\"\/en\/wp-json\/wp\/v2\/pages\/5821?add-to-cart=7772\" aria-label=\"Add to cart: \u201cCarta N\u00e1utica\u201d\" data-quantity=\"1\" data-product_id=\"7772\" data-product_sku=\"\" data-price=\"2\" rel=\"nofollow\" class=\"wp-block-button__link  add_to_cart_button ajax_add_to_cart\" data-no-translation=\"\" data-trp-gettext=\"\" data-no-translation-aria-label=\"\">Add to cart<\/a><\/div>\n\t\t\t<\/li><li class=\"wc-block-grid__product\">\n\t\t\t\t<a href=\"https:\/\/escuelanauticasalinas.com\/en\/product\/material-completo-per-cartas-compas-regla-transportador-nautico-cartillas-para-navegacion\/\" class=\"wc-block-grid__product-link\">\n\t\t\t\t\t<div class=\"wc-block-grid__product-onsale\">\n\t\t\t<span aria-hidden=\"true\" data-no-translation=\"\" data-trp-gettext=\"\">Sale<\/span>\n\t\t\t<span class=\"screen-reader-text\" data-no-translation=\"\" data-trp-gettext=\"\">Product on sale<\/span>\n\t\t<\/div>\n\t\t\t\t\t<div class=\"wc-block-grid__product-image\"><img decoding=\"async\" width=\"400\" height=\"400\" src=\"https:\/\/escuelanauticasalinas.com\/wp-content\/uploads\/woocommerce-placeholder-400x400.png\" class=\"woocommerce-placeholder wp-post-image\" alt=\"\" srcset=\"https:\/\/escuelanauticasalinas.com\/wp-content\/uploads\/woocommerce-placeholder-400x400.png 400w, https:\/\/escuelanauticasalinas.com\/wp-content\/uploads\/woocommerce-placeholder-100x100.png 100w, https:\/\/escuelanauticasalinas.com\/wp-content\/uploads\/woocommerce-placeholder-800x800.png 800w, https:\/\/escuelanauticasalinas.com\/wp-content\/uploads\/woocommerce-placeholder-300x300.png 300w, https:\/\/escuelanauticasalinas.com\/wp-content\/uploads\/woocommerce-placeholder-1024x1024.png 1024w, https:\/\/escuelanauticasalinas.com\/wp-content\/uploads\/woocommerce-placeholder-150x150.png 150w, https:\/\/escuelanauticasalinas.com\/wp-content\/uploads\/woocommerce-placeholder-768x768.png 768w, https:\/\/escuelanauticasalinas.com\/wp-content\/uploads\/woocommerce-placeholder.png 1200w\" sizes=\"(max-width: 400px) 100vw, 400px\" \/><\/div>\n\t\t\t\t\t<div class=\"wc-block-grid__product-title\">MATERIAL COMPLETO PER (CARTAS, COMP\u00c1S, REGLA DE 40CM, TRANSPORTADOR N\u00c1UTICO, CARTILLAS PARA NAVEGACI\u00d3N)<\/div>\n\t\t\t\t<\/a>\n\t\t\t\t<div class=\"wc-block-grid__product-price price\"><del aria-hidden=\"true\"><span class=\"woocommerce-Price-amount amount\">60,00&nbsp;<span class=\"woocommerce-Price-currencySymbol\">&euro;<\/span><\/span><\/del> <span class=\"screen-reader-text\" data-no-translation=\"\" data-trp-gettext=\"\">Original price was: 60,00&nbsp;&euro;.<\/span><ins aria-hidden=\"true\"><span class=\"woocommerce-Price-amount amount\">50,00&nbsp;<span class=\"woocommerce-Price-currencySymbol\">&euro;<\/span><\/span><\/ins><span class=\"screen-reader-text\" data-no-translation=\"\" data-trp-gettext=\"\">Current price is: 50,00&nbsp;&euro;.<\/span><\/div>\n\t\t\t\t\n\t\t\t\t<div class=\"wp-block-button wc-block-grid__product-add-to-cart\"><a href=\"\/en\/wp-json\/wp\/v2\/pages\/5821?add-to-cart=7558\" aria-label=\"Add to cart: \u201cMATERIAL COMPLETO PER (CARTAS, COMP\u00c1S, REGLA DE 40CM, TRANSPORTADOR N\u00c1UTICO, CARTILLAS PARA NAVEGACI\u00d3N)\u201d\" data-quantity=\"1\" data-product_id=\"7558\" data-product_sku=\"\" data-price=\"50\" rel=\"nofollow\" class=\"wp-block-button__link  add_to_cart_button ajax_add_to_cart\" data-no-translation=\"\" data-trp-gettext=\"\" data-no-translation-aria-label=\"\">Add to cart<\/a><\/div>\n\t\t\t<\/li><li class=\"wc-block-grid__product\">\n\t\t\t\t<a href=\"https:\/\/escuelanauticasalinas.com\/en\/product\/resumen-teoria-per-patron-capitan-cartillas-nauticas-reglamento-iala-ripa\/\" class=\"wc-block-grid__product-link\">\n\t\t\t\t\t\n\t\t\t\t\t<div class=\"wc-block-grid__product-image\"><img decoding=\"async\" width=\"400\" height=\"400\" src=\"https:\/\/escuelanauticasalinas.com\/wp-content\/uploads\/2024\/04\/Captura-de-pantalla-2026-03-29-173928-400x400.png\" class=\"attachment-woocommerce_thumbnail size-woocommerce_thumbnail\" alt=\"RESUMENES Y CARTILLAS N\u00c1UTICAS\" srcset=\"https:\/\/escuelanauticasalinas.com\/wp-content\/uploads\/2024\/04\/Captura-de-pantalla-2026-03-29-173928-400x400.png 400w, https:\/\/escuelanauticasalinas.com\/wp-content\/uploads\/2024\/04\/Captura-de-pantalla-2026-03-29-173928-150x150.png 150w, https:\/\/escuelanauticasalinas.com\/wp-content\/uploads\/2024\/04\/Captura-de-pantalla-2026-03-29-173928-100x100.png 100w\" sizes=\"(max-width: 400px) 100vw, 400px\" \/><\/div>\n\t\t\t\t\t<div class=\"wc-block-grid__product-title\">RESUMENES Y CARTILLAS N\u00c1UTICAS<\/div>\n\t\t\t\t<\/a>\n\t\t\t\t<div class=\"wc-block-grid__product-price price\"><span class=\"woocommerce-Price-amount amount\">25,00&nbsp;<span class=\"woocommerce-Price-currencySymbol\">&euro;<\/span><\/span><\/div>\n\t\t\t\t\n\t\t\t\t<div class=\"wp-block-button wc-block-grid__product-add-to-cart\"><a href=\"\/en\/wp-json\/wp\/v2\/pages\/5821?add-to-cart=7557\" aria-label=\"Add to cart: \u201cRESUMENES Y CARTILLAS N\u00c1UTICAS\u201d\" data-quantity=\"1\" data-product_id=\"7557\" data-product_sku=\"\" data-price=\"25\" rel=\"nofollow\" class=\"wp-block-button__link  add_to_cart_button ajax_add_to_cart\" data-no-translation=\"\" data-trp-gettext=\"\" data-no-translation-aria-label=\"\">Add to cart<\/a><\/div>\n\t\t\t<\/li><li class=\"wc-block-grid__product\">\n\t\t\t\t<a href=\"https:\/\/escuelanauticasalinas.com\/en\/product\/regla-40-cm-nautica-per-patron-yate-capitan-yate\/\" class=\"wc-block-grid__product-link\">\n\t\t\t\t\t\n\t\t\t\t\t<div class=\"wc-block-grid__product-image\"><img decoding=\"async\" width=\"400\" height=\"400\" src=\"https:\/\/escuelanauticasalinas.com\/wp-content\/uploads\/woocommerce-placeholder-400x400.png\" class=\"woocommerce-placeholder wp-post-image\" alt=\"\" srcset=\"https:\/\/escuelanauticasalinas.com\/wp-content\/uploads\/woocommerce-placeholder-400x400.png 400w, https:\/\/escuelanauticasalinas.com\/wp-content\/uploads\/woocommerce-placeholder-100x100.png 100w, https:\/\/escuelanauticasalinas.com\/wp-content\/uploads\/woocommerce-placeholder-800x800.png 800w, https:\/\/escuelanauticasalinas.com\/wp-content\/uploads\/woocommerce-placeholder-300x300.png 300w, https:\/\/escuelanauticasalinas.com\/wp-content\/uploads\/woocommerce-placeholder-1024x1024.png 1024w, https:\/\/escuelanauticasalinas.com\/wp-content\/uploads\/woocommerce-placeholder-150x150.png 150w, https:\/\/escuelanauticasalinas.com\/wp-content\/uploads\/woocommerce-placeholder-768x768.png 768w, https:\/\/escuelanauticasalinas.com\/wp-content\/uploads\/woocommerce-placeholder.png 1200w\" sizes=\"(max-width: 400px) 100vw, 400px\" \/><\/div>\n\t\t\t\t\t<div class=\"wc-block-grid__product-title\">Regla 40 cm<\/div>\n\t\t\t\t<\/a>\n\t\t\t\t<div class=\"wc-block-grid__product-price price\"><span class=\"woocommerce-Price-amount amount\">2,50&nbsp;<span class=\"woocommerce-Price-currencySymbol\">&euro;<\/span><\/span><\/div>\n\t\t\t\t\n\t\t\t\t<div class=\"wp-block-button wc-block-grid__product-add-to-cart\"><a href=\"\/en\/wp-json\/wp\/v2\/pages\/5821?add-to-cart=5813\" aria-label=\"Add to cart: \u201cRegla 40 cm\u201d\" data-quantity=\"1\" data-product_id=\"5813\" data-product_sku=\"\" data-price=\"2.5\" rel=\"nofollow\" class=\"wp-block-button__link  add_to_cart_button ajax_add_to_cart\" data-no-translation=\"\" data-trp-gettext=\"\" data-no-translation-aria-label=\"\">Add to cart<\/a><\/div>\n\t\t\t<\/li><li class=\"wc-block-grid__product\">\n\t\t\t\t<a href=\"https:\/\/escuelanauticasalinas.com\/en\/product\/transportador-de-angulos-nauticos\/\" class=\"wc-block-grid__product-link\">\n\t\t\t\t\t\n\t\t\t\t\t<div class=\"wc-block-grid__product-image\"><img decoding=\"async\" width=\"400\" height=\"400\" src=\"https:\/\/escuelanauticasalinas.com\/wp-content\/uploads\/woocommerce-placeholder-400x400.png\" class=\"woocommerce-placeholder wp-post-image\" alt=\"\" srcset=\"https:\/\/escuelanauticasalinas.com\/wp-content\/uploads\/woocommerce-placeholder-400x400.png 400w, https:\/\/escuelanauticasalinas.com\/wp-content\/uploads\/woocommerce-placeholder-100x100.png 100w, https:\/\/escuelanauticasalinas.com\/wp-content\/uploads\/woocommerce-placeholder-800x800.png 800w, https:\/\/escuelanauticasalinas.com\/wp-content\/uploads\/woocommerce-placeholder-300x300.png 300w, https:\/\/escuelanauticasalinas.com\/wp-content\/uploads\/woocommerce-placeholder-1024x1024.png 1024w, https:\/\/escuelanauticasalinas.com\/wp-content\/uploads\/woocommerce-placeholder-150x150.png 150w, https:\/\/escuelanauticasalinas.com\/wp-content\/uploads\/woocommerce-placeholder-768x768.png 768w, https:\/\/escuelanauticasalinas.com\/wp-content\/uploads\/woocommerce-placeholder.png 1200w\" sizes=\"(max-width: 400px) 100vw, 400px\" \/><\/div>\n\t\t\t\t\t<div class=\"wc-block-grid__product-title\">Transportador de \u00c1ngulos N\u00e1uticos<\/div>\n\t\t\t\t<\/a>\n\t\t\t\t<div class=\"wc-block-grid__product-price price\"><span class=\"woocommerce-Price-amount amount\">10,00&nbsp;<span class=\"woocommerce-Price-currencySymbol\">&euro;<\/span><\/span><\/div>\n\t\t\t\t\n\t\t\t\t<div class=\"wp-block-button wc-block-grid__product-add-to-cart\"><a href=\"\/en\/wp-json\/wp\/v2\/pages\/5821?add-to-cart=5808\" aria-label=\"Add to cart: \u201cTransportador de \u00c1ngulos N\u00e1uticos\u201d\" data-quantity=\"1\" data-product_id=\"5808\" data-product_sku=\"\" data-price=\"10\" rel=\"nofollow\" class=\"wp-block-button__link  add_to_cart_button ajax_add_to_cart\" data-no-translation=\"\" data-trp-gettext=\"\" data-no-translation-aria-label=\"\">Add to cart<\/a><\/div>\n\t\t\t<\/li><\/ul><\/div>\n<div class=\"recommended-categories\"><h2 class=\"wp-block-heading has-text-align-center has-base-background-color has-background\">Categor\u00edas Recomendadas<\/h2><div class=\"categories-grid\"><div class=\"category-item\"><a href=\"https:\/\/escuelanauticasalinas.com\/en\/product-category\/materiales\/\"><img decoding=\"async\" src=\"https:\/\/escuelanauticasalinas.com\/wp-content\/uploads\/2026\/01\/carta-nautica-webp-e1768372904146.webp\" alt=\"Materiales\"><h3>Materials<\/h3><\/a><\/div><div class=\"category-item\"><a href=\"https:\/\/escuelanauticasalinas.com\/en\/product-category\/titulaciones-de-recreo\/\"><img decoding=\"async\" src=\"https:\/\/escuelanauticasalinas.com\/wp-content\/uploads\/2024\/04\/webp-e1768373175831.webp\" alt=\"Titulaciones de recreo\"><h3>Titulaciones de recreo<\/h3><\/a><\/div><div class=\"category-item\"><a href=\"https:\/\/escuelanauticasalinas.com\/en\/product-category\/rutas\/\"><img decoding=\"async\" src=\"https:\/\/escuelanauticasalinas.com\/wp-content\/uploads\/2026\/01\/Velero-travesia-e1768504879690.webp\" alt=\"Traves\u00edas\"><h3>Crossings<\/h3><\/a><\/div><\/div><\/div>","protected":false},"excerpt":{"rendered":"<p>Materials<\/p>","protected":false},"author":2,"featured_media":0,"parent":0,"menu_order":0,"comment_status":"closed","ping_status":"closed","template":"","meta":{"_joinchat":[],"footnotes":""},"class_list":["post-5821","page","type-page","status-publish"],"_links":{"self":[{"href":"https:\/\/escuelanauticasalinas.com\/en\/wp-json\/wp\/v2\/pages\/5821","targetHints":{"allow":["GET"]}}],"collection":[{"href":"https:\/\/escuelanauticasalinas.com\/en\/wp-json\/wp\/v2\/pages"}],"about":[{"href":"https:\/\/escuelanauticasalinas.com\/en\/wp-json\/wp\/v2\/types\/page"}],"author":[{"embeddable":true,"href":"https:\/\/escuelanauticasalinas.com\/en\/wp-json\/wp\/v2\/users\/2"}],"replies":[{"embeddable":true,"href":"https:\/\/escuelanauticasalinas.com\/en\/wp-json\/wp\/v2\/comments?post=5821"}],"version-history":[{"count":9,"href":"https:\/\/escuelanauticasalinas.com\/en\/wp-json\/wp\/v2\/pages\/5821\/revisions"}],"predecessor-version":[{"id":8400,"href":"https:\/\/escuelanauticasalinas.com\/en\/wp-json\/wp\/v2\/pages\/5821\/revisions\/8400"}],"wp:attachment":[{"href":"https:\/\/escuelanauticasalinas.com\/en\/wp-json\/wp\/v2\/media?parent=5821"}],"curies":[{"name":"wp","href":"https:\/\/api.w.org\/{rel}","templated":true}]}}