{"id":5949,"date":"2024-02-14T11:44:43","date_gmt":"2024-02-14T11:44:43","guid":{"rendered":"http:\/\/escuelanauticasalinas.com\/?page_id=5949"},"modified":"2026-01-28T10:55:09","modified_gmt":"2026-01-28T10:55:09","slug":"titulaciones-de-recreo","status":"publish","type":"page","link":"https:\/\/escuelanauticasalinas.com\/en\/titulaciones-de-recreo\/","title":{"rendered":"Our sailing courses"},"content":{"rendered":"<div data-elementor-type=\"wp-page\" data-elementor-id=\"5949\" class=\"elementor elementor-5949\" data-elementor-post-type=\"page\">\n\t\t\t\t<div class=\"elementor-element elementor-element-53b1cbe e-flex e-con-boxed e-con e-parent\" data-id=\"53b1cbe\" data-element_type=\"container\" data-e-type=\"container\">\n\t\t\t\t\t<div class=\"e-con-inner\">\n\t\t\t\t<div class=\"elementor-element elementor-element-1496323 elementor-widget-divider--view-line elementor-widget elementor-widget-divider\" data-id=\"1496323\" data-element_type=\"widget\" data-e-type=\"widget\" data-widget_type=\"divider.default\">\n\t\t\t\t<div class=\"elementor-widget-container\">\n\t\t\t\t\t\t\t<div class=\"elementor-divider\">\n\t\t\t<span class=\"elementor-divider-separator\">\n\t\t\t\t\t\t<\/span>\n\t\t<\/div>\n\t\t\t\t\t\t<\/div>\n\t\t\t\t<\/div>\n\t\t\t\t\t<\/div>\n\t\t\t\t<\/div>\n\t\t<div class=\"elementor-element elementor-element-67679ec e-con-full e-flex e-con e-parent\" data-id=\"67679ec\" data-element_type=\"container\" data-e-type=\"container\">\n\t\t\t\t<div class=\"elementor-element elementor-element-eeea0be elementor-widget elementor-widget-heading\" data-id=\"eeea0be\" data-element_type=\"widget\" data-e-type=\"widget\" data-widget_type=\"heading.default\">\n\t\t\t\t<div class=\"elementor-widget-container\">\n\t\t\t\t\t<h1 class=\"elementor-heading-title elementor-size-default\">Titulaciones de recreo<\/h1>\t\t\t\t<\/div>\n\t\t\t\t<\/div>\n\t\t\t\t<\/div>\n\t\t<div class=\"elementor-element elementor-element-283f834 e-flex e-con-boxed e-con e-parent\" data-id=\"283f834\" data-element_type=\"container\" data-e-type=\"container\">\n\t\t\t\t\t<div class=\"e-con-inner\">\n\t\t\t\t<div class=\"elementor-element elementor-element-a632048 elementor-widget elementor-widget-spacer\" data-id=\"a632048\" data-element_type=\"widget\" data-e-type=\"widget\" data-widget_type=\"spacer.default\">\n\t\t\t\t<div class=\"elementor-widget-container\">\n\t\t\t\t\t\t\t<div class=\"elementor-spacer\">\n\t\t\t<div class=\"elementor-spacer-inner\"><\/div>\n\t\t<\/div>\n\t\t\t\t\t\t<\/div>\n\t\t\t\t<\/div>\n\t\t\t\t\t<\/div>\n\t\t\t\t<\/div>\n\t\t<div class=\"elementor-element elementor-element-b4add03 e-con-full e-flex e-con e-parent\" data-id=\"b4add03\" data-element_type=\"container\" data-e-type=\"container\">\n\t\t<div class=\"elementor-element elementor-element-cba6741 e-con-full e-flex e-con e-child\" data-id=\"cba6741\" data-element_type=\"container\" data-e-type=\"container\">\n\t\t\t\t<div class=\"elementor-element elementor-element-4f785a5 elementor-widget elementor-widget-heading\" data-id=\"4f785a5\" data-element_type=\"widget\" data-e-type=\"widget\" data-widget_type=\"heading.default\">\n\t\t\t\t<div class=\"elementor-widget-container\">\n\t\t\t\t\t<h2 class=\"elementor-heading-title elementor-size-default\"><a href=\"https:\/\/escuelanauticasalinas.com\/licencia-de-navegacion-ln\/\">Licencia de navegaci\u00f3n-LN<\/a><\/h2>\t\t\t\t<\/div>\n\t\t\t\t<\/div>\n\t\t\t\t<\/div>\n\t\t<div class=\"elementor-element elementor-element-83e2a7b e-con-full e-flex e-con e-child\" data-id=\"83e2a7b\" data-element_type=\"container\" data-e-type=\"container\">\n\t\t\t\t<div class=\"elementor-element elementor-element-e7bdc31 elementor-widget elementor-widget-heading\" data-id=\"e7bdc31\" data-element_type=\"widget\" data-e-type=\"widget\" data-widget_type=\"heading.default\">\n\t\t\t\t<div class=\"elementor-widget-container\">\n\t\t\t\t\t<h2 class=\"elementor-heading-title elementor-size-default\"><a href=\"https:\/\/escuelanauticasalinas.com\/patron-de-navegacion-basica-pnb\/\">Patr\u00f3n de navegaci\u00f3n b\u00e1sica-PNB<\/a><\/h2>\t\t\t\t<\/div>\n\t\t\t\t<\/div>\n\t\t\t\t<\/div>\n\t\t<div class=\"elementor-element elementor-element-c3cd11f e-con-full e-flex e-con e-child\" data-id=\"c3cd11f\" data-element_type=\"container\" data-e-type=\"container\">\n\t\t\t\t<div class=\"elementor-element elementor-element-03fa1bc elementor-widget elementor-widget-heading\" data-id=\"03fa1bc\" data-element_type=\"widget\" data-e-type=\"widget\" data-widget_type=\"heading.default\">\n\t\t\t\t<div class=\"elementor-widget-container\">\n\t\t\t\t\t<h2 class=\"elementor-heading-title elementor-size-default\"><a href=\"https:\/\/escuelanauticasalinas.com\/patron-de-embarcaciones-de-recreo-per\/\">Patr\u00f3n de embarcaciones de recreo-PER<\/a><\/h2>\t\t\t\t<\/div>\n\t\t\t\t<\/div>\n\t\t\t\t<\/div>\n\t\t\t\t<\/div>\n\t\t<div class=\"elementor-element elementor-element-1088038 e-con-full e-flex e-con e-parent\" data-id=\"1088038\" data-element_type=\"container\" data-e-type=\"container\">\n\t\t<div class=\"elementor-element elementor-element-fefa9bd e-con-full e-flex e-con e-child\" data-id=\"fefa9bd\" data-element_type=\"container\" data-e-type=\"container\">\n\t\t\t\t<div class=\"elementor-element elementor-element-4c7d50d elementor-widget elementor-widget-heading\" data-id=\"4c7d50d\" data-element_type=\"widget\" data-e-type=\"widget\" data-widget_type=\"heading.default\">\n\t\t\t\t<div class=\"elementor-widget-container\">\n\t\t\t\t\t<h2 class=\"elementor-heading-title elementor-size-default\"><a href=\"https:\/\/escuelanauticasalinas.com\/patron-de-yate-py\/\">Patr\u00f3n de yate-PY<\/a><\/h2>\t\t\t\t<\/div>\n\t\t\t\t<\/div>\n\t\t\t\t<\/div>\n\t\t<div class=\"elementor-element elementor-element-5899c76 e-con-full e-flex e-con e-child\" data-id=\"5899c76\" data-element_type=\"container\" data-e-type=\"container\">\n\t\t\t\t<div class=\"elementor-element elementor-element-83f6f38 elementor-widget elementor-widget-heading\" data-id=\"83f6f38\" data-element_type=\"widget\" data-e-type=\"widget\" data-widget_type=\"heading.default\">\n\t\t\t\t<div class=\"elementor-widget-container\">\n\t\t\t\t\t<h2 class=\"elementor-heading-title elementor-size-default\"><a href=\"https:\/\/escuelanauticasalinas.com\/curso-capitan-de-yate-cy-teorico-practicas-online\/\">Capit\u00e1n de yate-CY<\/a><\/h2>\t\t\t\t<\/div>\n\t\t\t\t<\/div>\n\t\t\t\t<\/div>\n\t\t\t\t<\/div>\n\t\t\t\t<\/div>","protected":false},"excerpt":{"rendered":"<p>Titulaciones de recreo Licencia de navegaci\u00f3n-LN Patr\u00f3n de navegaci\u00f3n b\u00e1sica-PNB Patr\u00f3n de embarcaciones de recreo-PER Patr\u00f3n de yate-PY Capit\u00e1n de yate-CY<\/p>","protected":false},"author":2,"featured_media":0,"parent":0,"menu_order":0,"comment_status":"closed","ping_status":"closed","template":"elementor_header_footer","meta":{"_joinchat":[],"footnotes":""},"class_list":["post-5949","page","type-page","status-publish"],"_links":{"self":[{"href":"https:\/\/escuelanauticasalinas.com\/en\/wp-json\/wp\/v2\/pages\/5949","targetHints":{"allow":["GET"]}}],"collection":[{"href":"https:\/\/escuelanauticasalinas.com\/en\/wp-json\/wp\/v2\/pages"}],"about":[{"href":"https:\/\/escuelanauticasalinas.com\/en\/wp-json\/wp\/v2\/types\/page"}],"author":[{"embeddable":true,"href":"https:\/\/escuelanauticasalinas.com\/en\/wp-json\/wp\/v2\/users\/2"}],"replies":[{"embeddable":true,"href":"https:\/\/escuelanauticasalinas.com\/en\/wp-json\/wp\/v2\/comments?post=5949"}],"version-history":[{"count":261,"href":"https:\/\/escuelanauticasalinas.com\/en\/wp-json\/wp\/v2\/pages\/5949\/revisions"}],"predecessor-version":[{"id":9461,"href":"https:\/\/escuelanauticasalinas.com\/en\/wp-json\/wp\/v2\/pages\/5949\/revisions\/9461"}],"wp:attachment":[{"href":"https:\/\/escuelanauticasalinas.com\/en\/wp-json\/wp\/v2\/media?parent=5949"}],"curies":[{"name":"wp","href":"https:\/\/api.w.org\/{rel}","templated":true}]}}