{"id":7659,"date":"2024-04-25T09:12:47","date_gmt":"2024-04-25T09:12:47","guid":{"rendered":"http:\/\/escuelanauticasalinas.com\/?page_id=7659"},"modified":"2026-01-28T14:33:44","modified_gmt":"2026-01-28T14:33:44","slug":"patron-de-navegacion-basica-pnb","status":"publish","type":"page","link":"https:\/\/escuelanauticasalinas.com\/en\/patron-de-navegacion-basica-pnb\/","title":{"rendered":"Patr\u00f3n de Navegaci\u00f3n B\u00e1sica &#8211; PNB"},"content":{"rendered":"<h2 class=\"wp-block-heading has-text-align-center has-base-background-color has-background has-medium-font-size\">Patr\u00f3n de Navegaci\u00f3n B\u00e1sica &#8211; PNB<\/h2>\n\n\n\n<p><strong>Atribuciones PNB<\/strong>:<br>-Gobernar embarcaciones de recreo de hasta 8 metros de eslora, sin l\u00edmite de potencia de motor<br>-Motos de agua sin l\u00edmite de potencia<br>-Navegar a una distancia m\u00e1xima de 5 millas de puerto<br>-Navegaci\u00f3n diurna y nocturna.<\/p>\n\n\n\n<p><strong>Requisitos para obtener la titulaci\u00f3n PNB<\/strong>:<br>-Tener 16 a\u00f1os cumplidos en el momento de aprobar el examen te\u00f3rico<br>-Certificado M\u00e9dico donde se acredite que re\u00fane las condiciones psicof\u00edsicas para el gobierno de embarcaciones de recreo, seg\u00fan Real Decreto 875\/2014 del 10 de octubre.<br>-Aprobar el examen te\u00f3rico de tu comunidad aut\u00f3noma<br>-Realizar pr\u00e1cticas oficiales <a href=\"https:\/\/escuelanauticasalinas.com\/producto\/practicas-pnb-motor\/\">PNB motor<\/a> de 8 horas<br>-Realizar <a href=\"https:\/\/escuelanauticasalinas.com\/producto\/practicas-oficiales-de-radio-pnb\/\">pr\u00e1cticas oficiales de RadioPNB<\/a><\/p>\n\n\n\n<p><strong><em>\u00bfSe puede conseguir alguna atribuci\u00f3n m\u00e1s con el PNB?<\/em><\/strong><br>-Si quieres a\u00f1adir el poder navegar a vela a tus atribuciones, puedes hacer unas<strong><a href=\"https:\/\/escuelanauticasalinas.com\/producto\/practicas-oficiales-a-vela-16h-en-la-zona-que-elijas-2\/\" data-type=\"link\" data-id=\"https:\/\/escuelanauticasalinas.com\/producto\/practicas-oficiales-a-vela-16h-en-la-zona-que-elijas-2\/\"> pr\u00e1cticas oficiales a vela<\/a><\/strong> en uno de nuestros veleros. (No obligatorio)<\/p>\n\n\n\n<h2 class=\"wp-block-heading has-large-font-size\"><strong>\u00a1Vamos a por el t\u00edtulo! <\/strong><\/h2>\n\n\n<div data-block-name=\"woocommerce\/product-category\" data-categories=\"[41]\" data-columns=\"4\" data-content-visibility=\"{&quot;image&quot;:true,&quot;title&quot;:true,&quot;price&quot;:true,&quot;rating&quot;:false,&quot;button&quot;:true}\" data-orderby=\"menu_order\" data-rows=\"6\" data-stock-status=\"[&quot;&quot;,&quot;instock&quot;,&quot;onbackorder&quot;]\" class=\"wc-block-grid wp-block-product-category wp-block-woocommerce-product-category wc-block-product-category has-4-columns has-multiple-rows\"><ul class=\"wc-block-grid__products\"><li class=\"wc-block-grid__product\">\n\t\t\t\t<a href=\"https:\/\/escuelanauticasalinas.com\/en\/product\/pack-pnb\/\" class=\"wc-block-grid__product-link\">\n\t\t\t\t\t\n\t\t\t\t\t<div class=\"wc-block-grid__product-image\"><img fetchpriority=\"high\" decoding=\"async\" width=\"400\" height=\"373\" src=\"https:\/\/escuelanauticasalinas.com\/wp-content\/uploads\/2026\/03\/PACK-PER-MOTOR-400x373.png\" class=\"attachment-woocommerce_thumbnail size-woocommerce_thumbnail\" alt=\"Pack PNB\" srcset=\"https:\/\/escuelanauticasalinas.com\/wp-content\/uploads\/2026\/03\/PACK-PER-MOTOR-400x373.png 400w, https:\/\/escuelanauticasalinas.com\/wp-content\/uploads\/2026\/03\/PACK-PER-MOTOR-13x12.png 13w\" sizes=\"(max-width: 400px) 100vw, 400px\" \/><\/div>\n\t\t\t\t\t<div class=\"wc-block-grid__product-title\">Pack PNB<\/div>\n\t\t\t\t<\/a>\n\t\t\t\t<div class=\"wc-block-grid__product-price price\"><span class=\"woocommerce-Price-amount amount\">445,00&nbsp;<span class=\"woocommerce-Price-currencySymbol\">&euro;<\/span><\/span><\/div>\n\t\t\t\t\n\t\t\t\t<div class=\"wp-block-button wc-block-grid__product-add-to-cart\"><a href=\"\/en\/wp-json\/wp\/v2\/pages\/7659?add-to-cart=9783\" aria-label=\"Add to cart: \u201cPack PNB\u201d\" data-quantity=\"1\" data-product_id=\"9783\" data-product_sku=\"\" data-price=\"445\" rel=\"nofollow\" class=\"wp-block-button__link  add_to_cart_button ajax_add_to_cart\" data-no-translation=\"\" data-trp-gettext=\"\" data-no-translation-aria-label=\"\">Add to cart<\/a><\/div>\n\t\t\t<\/li><li class=\"wc-block-grid__product\">\n\t\t\t\t<a href=\"https:\/\/escuelanauticasalinas.com\/en\/product\/pnb-teorico-patron-navegacion-basica\/\" class=\"wc-block-grid__product-link\">\n\t\t\t\t\t<div class=\"wc-block-grid__product-onsale\">\n\t\t\t<span aria-hidden=\"true\" data-no-translation=\"\" data-trp-gettext=\"\">Sale<\/span>\n\t\t\t<span class=\"screen-reader-text\" data-no-translation=\"\" data-trp-gettext=\"\">Product on sale<\/span>\n\t\t<\/div>\n\t\t\t\t\t<div class=\"wc-block-grid__product-image\"><img decoding=\"async\" width=\"400\" height=\"400\" src=\"https:\/\/escuelanauticasalinas.com\/wp-content\/uploads\/2024\/04\/Per-teorico-examen-oficial-400x400.png\" class=\"attachment-woocommerce_thumbnail size-woocommerce_thumbnail\" alt=\"PNB TE\u00d3RICO (patr\u00f3n de navegaci\u00f3n b\u00e1sica)\" srcset=\"https:\/\/escuelanauticasalinas.com\/wp-content\/uploads\/2024\/04\/Per-teorico-examen-oficial-400x400.png 400w, https:\/\/escuelanauticasalinas.com\/wp-content\/uploads\/2024\/04\/Per-teorico-examen-oficial-150x150.png 150w, https:\/\/escuelanauticasalinas.com\/wp-content\/uploads\/2024\/04\/Per-teorico-examen-oficial-100x100.png 100w\" sizes=\"(max-width: 400px) 100vw, 400px\" \/><\/div>\n\t\t\t\t\t<div class=\"wc-block-grid__product-title\">PNB TE\u00d3RICO (patr\u00f3n de navegaci\u00f3n b\u00e1sica)<\/div>\n\t\t\t\t<\/a>\n\t\t\t\t<div class=\"wc-block-grid__product-price price\"><del aria-hidden=\"true\"><span class=\"woocommerce-Price-amount amount\">270,00&nbsp;<span class=\"woocommerce-Price-currencySymbol\">&euro;<\/span><\/span><\/del> <span class=\"screen-reader-text\" data-no-translation=\"\" data-trp-gettext=\"\">Original price was: 270,00&nbsp;&euro;.<\/span><ins aria-hidden=\"true\"><span class=\"woocommerce-Price-amount amount\">200,00&nbsp;<span class=\"woocommerce-Price-currencySymbol\">&euro;<\/span><\/span><\/ins><span class=\"screen-reader-text\" data-no-translation=\"\" data-trp-gettext=\"\">Current price is: 200,00&nbsp;&euro;.<\/span><\/div>\n\t\t\t\t\n\t\t\t\t<div class=\"wp-block-button wc-block-grid__product-add-to-cart\"><a href=\"\/en\/wp-json\/wp\/v2\/pages\/7659?add-to-cart=7664\" aria-label=\"Add to cart: \u201cPNB TE\u00d3RICO (patr\u00f3n de navegaci\u00f3n b\u00e1sica)\u201d\" data-quantity=\"1\" data-product_id=\"7664\" data-product_sku=\"\" data-price=\"200\" rel=\"nofollow\" class=\"wp-block-button__link  add_to_cart_button ajax_add_to_cart\" data-no-translation=\"\" data-trp-gettext=\"\" data-no-translation-aria-label=\"\">Add to cart<\/a><\/div>\n\t\t\t<\/li><li class=\"wc-block-grid__product\">\n\t\t\t\t<a href=\"https:\/\/escuelanauticasalinas.com\/en\/product\/practicas-navegacion-pnb-motor\/\" class=\"wc-block-grid__product-link\">\n\t\t\t\t\t\n\t\t\t\t\t<div class=\"wc-block-grid__product-image\"><img decoding=\"async\" width=\"400\" height=\"400\" src=\"https:\/\/escuelanauticasalinas.com\/wp-content\/uploads\/2024\/04\/Practicas-oficiales-motor-400x400.png\" class=\"attachment-woocommerce_thumbnail size-woocommerce_thumbnail\" alt=\"PR\u00c1CTICAS OFICIALES PNB MOTOR\" srcset=\"https:\/\/escuelanauticasalinas.com\/wp-content\/uploads\/2024\/04\/Practicas-oficiales-motor-400x400.png 400w, https:\/\/escuelanauticasalinas.com\/wp-content\/uploads\/2024\/04\/Practicas-oficiales-motor-150x150.png 150w, https:\/\/escuelanauticasalinas.com\/wp-content\/uploads\/2024\/04\/Practicas-oficiales-motor-100x100.png 100w\" sizes=\"(max-width: 400px) 100vw, 400px\" \/><\/div>\n\t\t\t\t\t<div class=\"wc-block-grid__product-title\">PR\u00c1CTICAS OFICIALES PNB MOTOR<\/div>\n\t\t\t\t<\/a>\n\t\t\t\t<div class=\"wc-block-grid__product-price price\"><span class=\"woocommerce-Price-amount amount\">125,00&nbsp;<span class=\"woocommerce-Price-currencySymbol\">&euro;<\/span><\/span><\/div>\n\t\t\t\t\n\t\t\t\t<div class=\"wp-block-button wc-block-grid__product-add-to-cart\"><a href=\"\/en\/wp-json\/wp\/v2\/pages\/7659?add-to-cart=7667\" aria-label=\"Add to cart: \u201cPR\u00c1CTICAS OFICIALES PNB MOTOR\u201d\" data-quantity=\"1\" data-product_id=\"7667\" data-product_sku=\"\" data-price=\"125\" rel=\"nofollow\" class=\"wp-block-button__link  add_to_cart_button ajax_add_to_cart\" data-no-translation=\"\" data-trp-gettext=\"\" data-no-translation-aria-label=\"\">Add to cart<\/a><\/div>\n\t\t\t<\/li><li class=\"wc-block-grid__product\">\n\t\t\t\t<a href=\"https:\/\/escuelanauticasalinas.com\/en\/product\/practicas-oficiales-de-radio-pnb\/\" class=\"wc-block-grid__product-link\">\n\t\t\t\t\t\n\t\t\t\t\t<div class=\"wc-block-grid__product-image\"><img loading=\"lazy\" decoding=\"async\" width=\"400\" height=\"400\" src=\"https:\/\/escuelanauticasalinas.com\/wp-content\/uploads\/2024\/04\/Radio-PNB-400x400.png\" class=\"attachment-woocommerce_thumbnail size-woocommerce_thumbnail\" alt=\"PR\u00c1CTICAS OFICIALES DE RADIO PNB\" srcset=\"https:\/\/escuelanauticasalinas.com\/wp-content\/uploads\/2024\/04\/Radio-PNB-400x400.png 400w, https:\/\/escuelanauticasalinas.com\/wp-content\/uploads\/2024\/04\/Radio-PNB-150x150.png 150w, https:\/\/escuelanauticasalinas.com\/wp-content\/uploads\/2024\/04\/Radio-PNB-100x100.png 100w\" sizes=\"(max-width: 400px) 100vw, 400px\" \/><\/div>\n\t\t\t\t\t<div class=\"wc-block-grid__product-title\">PR\u00c1CTICAS OFICIALES DE RADIO PNB<\/div>\n\t\t\t\t<\/a>\n\t\t\t\t<div class=\"wc-block-grid__product-price price\"><span class=\"woocommerce-Price-amount amount\">120,00&nbsp;<span class=\"woocommerce-Price-currencySymbol\">&euro;<\/span><\/span><\/div>\n\t\t\t\t\n\t\t\t\t<div class=\"wp-block-button wc-block-grid__product-add-to-cart\"><a href=\"\/en\/wp-json\/wp\/v2\/pages\/7659?add-to-cart=7674\" aria-label=\"Add to cart: \u201cPR\u00c1CTICAS OFICIALES DE RADIO PNB\u201d\" data-quantity=\"1\" data-product_id=\"7674\" data-product_sku=\"\" data-price=\"120\" rel=\"nofollow\" class=\"wp-block-button__link  add_to_cart_button ajax_add_to_cart\" data-no-translation=\"\" data-trp-gettext=\"\" data-no-translation-aria-label=\"\">Add to cart<\/a><\/div>\n\t\t\t<\/li><li class=\"wc-block-grid__product\">\n\t\t\t\t<a href=\"https:\/\/escuelanauticasalinas.com\/en\/product\/practicas-oficiales-navegacion-vela-16h\/\" class=\"wc-block-grid__product-link\">\n\t\t\t\t\t\n\t\t\t\t\t<div class=\"wc-block-grid__product-image\"><img loading=\"lazy\" decoding=\"async\" width=\"400\" height=\"400\" src=\"https:\/\/escuelanauticasalinas.com\/wp-content\/uploads\/2024\/04\/Practicas-oficiales-de-vela-400x400.png\" class=\"attachment-woocommerce_thumbnail size-woocommerce_thumbnail\" alt=\"PR\u00c1CTICAS OFICIALES A VELA (16h)\" srcset=\"https:\/\/escuelanauticasalinas.com\/wp-content\/uploads\/2024\/04\/Practicas-oficiales-de-vela-400x400.png 400w, https:\/\/escuelanauticasalinas.com\/wp-content\/uploads\/2024\/04\/Practicas-oficiales-de-vela-150x150.png 150w, https:\/\/escuelanauticasalinas.com\/wp-content\/uploads\/2024\/04\/Practicas-oficiales-de-vela-100x100.png 100w\" sizes=\"(max-width: 400px) 100vw, 400px\" \/><\/div>\n\t\t\t\t\t<div class=\"wc-block-grid__product-title\">PR\u00c1CTICAS OFICIALES A VELA (16h)<\/div>\n\t\t\t\t<\/a>\n\t\t\t\t<div class=\"wc-block-grid__product-price price\"><span class=\"woocommerce-Price-amount amount\">200,00&nbsp;<span class=\"woocommerce-Price-currencySymbol\">&euro;<\/span><\/span><\/div>\n\t\t\t\t\n\t\t\t\t<div class=\"wp-block-button wc-block-grid__product-add-to-cart\"><a href=\"\/en\/wp-json\/wp\/v2\/pages\/7659?add-to-cart=7681\" aria-label=\"Add to cart: \u201cPR\u00c1CTICAS OFICIALES A VELA (16h)\u201d\" data-quantity=\"1\" data-product_id=\"7681\" data-product_sku=\"\" data-price=\"200\" rel=\"nofollow\" class=\"wp-block-button__link  add_to_cart_button ajax_add_to_cart\" data-no-translation=\"\" data-trp-gettext=\"\" data-no-translation-aria-label=\"\">Add to cart<\/a><\/div>\n\t\t\t<\/li><\/ul><\/div>","protected":false},"excerpt":{"rendered":"<p>Patr\u00f3n de Navegaci\u00f3n B\u00e1sica &#8211; PNB Atribuciones PNB:-Gobernar embarcaciones de recreo de hasta 8 metros de eslora, sin l\u00edmite de potencia de motor-Motos de agua &#8230; <a title=\"Patr\u00f3n de Navegaci\u00f3n B\u00e1sica &#8211; PNB\" class=\"read-more\" href=\"https:\/\/escuelanauticasalinas.com\/en\/patron-de-navegacion-basica-pnb\/\" aria-label=\"Read more about Patr\u00f3n de Navegaci\u00f3n B\u00e1sica &#8211; PNB\">Leer M\u00e1s<\/a><\/p>","protected":false},"author":1,"featured_media":0,"parent":0,"menu_order":0,"comment_status":"closed","ping_status":"closed","template":"","meta":{"_joinchat":[],"footnotes":""},"class_list":["post-7659","page","type-page","status-publish"],"_links":{"self":[{"href":"https:\/\/escuelanauticasalinas.com\/en\/wp-json\/wp\/v2\/pages\/7659","targetHints":{"allow":["GET"]}}],"collection":[{"href":"https:\/\/escuelanauticasalinas.com\/en\/wp-json\/wp\/v2\/pages"}],"about":[{"href":"https:\/\/escuelanauticasalinas.com\/en\/wp-json\/wp\/v2\/types\/page"}],"author":[{"embeddable":true,"href":"https:\/\/escuelanauticasalinas.com\/en\/wp-json\/wp\/v2\/users\/1"}],"replies":[{"embeddable":true,"href":"https:\/\/escuelanauticasalinas.com\/en\/wp-json\/wp\/v2\/comments?post=7659"}],"version-history":[{"count":11,"href":"https:\/\/escuelanauticasalinas.com\/en\/wp-json\/wp\/v2\/pages\/7659\/revisions"}],"predecessor-version":[{"id":9531,"href":"https:\/\/escuelanauticasalinas.com\/en\/wp-json\/wp\/v2\/pages\/7659\/revisions\/9531"}],"wp:attachment":[{"href":"https:\/\/escuelanauticasalinas.com\/en\/wp-json\/wp\/v2\/media?parent=7659"}],"curies":[{"name":"wp","href":"https:\/\/api.w.org\/{rel}","templated":true}]}}