{"id":7919,"date":"2024-10-04T14:54:20","date_gmt":"2024-10-04T14:54:20","guid":{"rendered":"https:\/\/escuelanauticasalinas.com\/?page_id=7919"},"modified":"2026-01-29T11:42:41","modified_gmt":"2026-01-29T11:42:41","slug":"herramientas","status":"publish","type":"page","link":"https:\/\/escuelanauticasalinas.com\/en\/herramientas\/","title":{"rendered":"Tools"},"content":{"rendered":"<div data-elementor-type=\"wp-page\" data-elementor-id=\"7919\" class=\"elementor elementor-7919\" data-elementor-post-type=\"page\">\n\t\t\t\t<div class=\"elementor-element elementor-element-ef6ca94 e-con-full e-flex e-con e-parent\" data-id=\"ef6ca94\" data-element_type=\"container\" data-e-type=\"container\">\n\t\t\t\t<div class=\"elementor-element elementor-element-3c4a091 elementor-widget elementor-widget-heading\" data-id=\"3c4a091\" data-element_type=\"widget\" data-e-type=\"widget\" data-widget_type=\"heading.default\">\n\t\t\t\t<div class=\"elementor-widget-container\">\n\t\t\t\t\t<h2 class=\"elementor-heading-title elementor-size-default\">Herramientas para el navegante<\/h2>\t\t\t\t<\/div>\n\t\t\t\t<\/div>\n\t\t\t\t<\/div>\n\t\t<div class=\"elementor-element elementor-element-b389e56 e-con-full e-flex e-con e-parent\" data-id=\"b389e56\" data-element_type=\"container\" data-e-type=\"container\">\n\t\t<div class=\"elementor-element elementor-element-374b45b e-con-full e-flex e-con e-child\" data-id=\"374b45b\" data-element_type=\"container\" data-e-type=\"container\">\n\t\t\t\t<div class=\"elementor-element elementor-element-fc9d83b elementor-widget elementor-widget-image\" data-id=\"fc9d83b\" data-element_type=\"widget\" data-e-type=\"widget\" data-widget_type=\"image.default\">\n\t\t\t\t<div class=\"elementor-widget-container\">\n\t\t\t\t\t\t\t\t\t\t\t\t<figure class=\"wp-caption\">\n\t\t\t\t\t\t\t\t\t\t\t<a href=\"https:\/\/map.openseamap.org\/?lang=es\">\n\t\t\t\t\t\t\t<img fetchpriority=\"high\" decoding=\"async\" width=\"1024\" height=\"706\" src=\"https:\/\/escuelanauticasalinas.com\/wp-content\/uploads\/2026\/01\/Captura-de-pantalla-2026-01-29-123027-1024x706.png\" class=\"attachment-large size-large wp-image-9574\" alt=\"\" srcset=\"https:\/\/escuelanauticasalinas.com\/wp-content\/uploads\/2026\/01\/Captura-de-pantalla-2026-01-29-123027-1024x706.png 1024w, https:\/\/escuelanauticasalinas.com\/wp-content\/uploads\/2026\/01\/Captura-de-pantalla-2026-01-29-123027-e1769686503942-18x12.png 18w, https:\/\/escuelanauticasalinas.com\/wp-content\/uploads\/2026\/01\/Captura-de-pantalla-2026-01-29-123027-800x551.png 800w\" sizes=\"(max-width: 1024px) 100vw, 1024px\" \/>\t\t\t\t\t\t\t\t<\/a>\n\t\t\t\t\t\t\t\t\t\t\t<figcaption class=\"widget-image-caption wp-caption-text\">Planifica tu ruta aqu\u00ed<\/figcaption>\n\t\t\t\t\t\t\t\t\t\t<\/figure>\n\t\t\t\t\t\t\t\t\t<\/div>\n\t\t\t\t<\/div>\n\t\t\t\t<\/div>\n\t\t<div class=\"elementor-element elementor-element-5435b12 e-con-full e-flex e-con e-child\" data-id=\"5435b12\" data-element_type=\"container\" data-e-type=\"container\">\n\t\t\t\t<div class=\"elementor-element elementor-element-7501ba2 elementor-widget elementor-widget-image\" data-id=\"7501ba2\" data-element_type=\"widget\" data-e-type=\"widget\" data-widget_type=\"image.default\">\n\t\t\t\t<div class=\"elementor-widget-container\">\n\t\t\t\t\t\t\t\t\t\t\t\t<figure class=\"wp-caption\">\n\t\t\t\t\t\t\t\t\t\t\t<a href=\"https:\/\/www.windy.com\/es\/-help-us-test-a-new-version-of-windy-com\/articles\/43248?39.618,6.841,5,i:pressure,p:cities\">\n\t\t\t\t\t\t\t<img decoding=\"async\" width=\"791\" height=\"551\" src=\"https:\/\/escuelanauticasalinas.com\/wp-content\/uploads\/2026\/01\/Captura-de-pantalla-2026-01-29-123050.png\" class=\"attachment-large size-large wp-image-9573\" alt=\"\" srcset=\"https:\/\/escuelanauticasalinas.com\/wp-content\/uploads\/2026\/01\/Captura-de-pantalla-2026-01-29-123050.png 791w, https:\/\/escuelanauticasalinas.com\/wp-content\/uploads\/2026\/01\/Captura-de-pantalla-2026-01-29-123050-300x209.png 300w, https:\/\/escuelanauticasalinas.com\/wp-content\/uploads\/2026\/01\/Captura-de-pantalla-2026-01-29-123050-768x535.png 768w, https:\/\/escuelanauticasalinas.com\/wp-content\/uploads\/2026\/01\/Captura-de-pantalla-2026-01-29-123050-18x12.png 18w\" sizes=\"(max-width: 791px) 100vw, 791px\" \/>\t\t\t\t\t\t\t\t<\/a>\n\t\t\t\t\t\t\t\t\t\t\t<figcaption class=\"widget-image-caption wp-caption-text\">Revisa la climatolog\u00eda aqu\u00ed<\/figcaption>\n\t\t\t\t\t\t\t\t\t\t<\/figure>\n\t\t\t\t\t\t\t\t\t<\/div>\n\t\t\t\t<\/div>\n\t\t\t\t<\/div>\n\t\t\t\t<\/div>\n\t\t\t\t<\/div>","protected":false},"excerpt":{"rendered":"<p>Herramientas para el navegante Planifica tu ruta aqu\u00ed Revisa la climatolog\u00eda aqu\u00ed<\/p>","protected":false},"author":2,"featured_media":0,"parent":0,"menu_order":0,"comment_status":"closed","ping_status":"closed","template":"elementor_header_footer","meta":{"_joinchat":[],"footnotes":""},"class_list":["post-7919","page","type-page","status-publish"],"_links":{"self":[{"href":"https:\/\/escuelanauticasalinas.com\/en\/wp-json\/wp\/v2\/pages\/7919","targetHints":{"allow":["GET"]}}],"collection":[{"href":"https:\/\/escuelanauticasalinas.com\/en\/wp-json\/wp\/v2\/pages"}],"about":[{"href":"https:\/\/escuelanauticasalinas.com\/en\/wp-json\/wp\/v2\/types\/page"}],"author":[{"embeddable":true,"href":"https:\/\/escuelanauticasalinas.com\/en\/wp-json\/wp\/v2\/users\/2"}],"replies":[{"embeddable":true,"href":"https:\/\/escuelanauticasalinas.com\/en\/wp-json\/wp\/v2\/comments?post=7919"}],"version-history":[{"count":26,"href":"https:\/\/escuelanauticasalinas.com\/en\/wp-json\/wp\/v2\/pages\/7919\/revisions"}],"predecessor-version":[{"id":9587,"href":"https:\/\/escuelanauticasalinas.com\/en\/wp-json\/wp\/v2\/pages\/7919\/revisions\/9587"}],"wp:attachment":[{"href":"https:\/\/escuelanauticasalinas.com\/en\/wp-json\/wp\/v2\/media?parent=7919"}],"curies":[{"name":"wp","href":"https:\/\/api.w.org\/{rel}","templated":true}]}}