{"id":7956,"date":"2024-10-07T06:37:05","date_gmt":"2024-10-07T06:37:05","guid":{"rendered":"https:\/\/escuelanauticasalinas.com\/?page_id=7956"},"modified":"2026-01-11T11:51:29","modified_gmt":"2026-01-11T11:51:29","slug":"terminos-y-condiciones-de-compra","status":"publish","type":"page","link":"https:\/\/escuelanauticasalinas.com\/en\/terminos-y-condiciones-de-compra\/","title":{"rendered":"T\u00e9rminos y condiciones de compra"},"content":{"rendered":"<p>El cliente dispone de<strong> 3 meses <\/strong>para hacer uso de la plataforma virtual desde la adquisici\u00f3n del curso te\u00f3rico.<\/p>\n\n\n\n<p>Si el cliente desea continuar usando la plataforma virtual debe adquirir un nuevo curso te\u00f3rico. <\/p>\n\n\n\n<p>El cliente tendr\u00e1<strong> 12 meses <\/strong>para agendar y realizar una fecha de <strong>pr\u00e1cticas <\/strong>desde su compra. En caso de superar dichos plazos, no se reembolsar\u00e1 el precio abonado.<br>En las pr\u00e1cticas oficiales de cualquiera de los t\u00edtulos ofertados se reembolsar\u00e1 el importe abonado siempre y cuando se haga con al menos 5 d\u00edas de antelaci\u00f3n a la fecha programada de la realizaci\u00f3n de la actividad, de lo contrario no se devolver\u00e1 el importe abonado.<br>Los materiales did\u00e1cticos se enviar\u00e1n por mensajer\u00eda de correos a la direcci\u00f3n postal que el cliente deje reflejada. Un error en la introducci\u00f3n de los datos postales por parte del cliente exime de responsabilidad a Escuela n\u00e1utica Salinas en cuanto a sobrecostes, modificaciones y retrasos en el env\u00edo. En caso de devoluci\u00f3n del producto, el cliente se har\u00e1 cargo de los gastos de retorno del producto.<br><\/p>\n\n\n\n<p><\/p>","protected":false},"excerpt":{"rendered":"<p>El cliente dispone de 3 meses para hacer uso de la plataforma virtual desde la adquisici\u00f3n del curso te\u00f3rico. Si el cliente desea continuar usando &#8230; <a title=\"T\u00e9rminos y condiciones de compra\" class=\"read-more\" href=\"https:\/\/escuelanauticasalinas.com\/en\/terminos-y-condiciones-de-compra\/\" aria-label=\"Read more about T\u00e9rminos y condiciones de compra\">Leer M\u00e1s<\/a><\/p>","protected":false},"author":2,"featured_media":0,"parent":0,"menu_order":0,"comment_status":"closed","ping_status":"closed","template":"","meta":{"_joinchat":[],"footnotes":""},"class_list":["post-7956","page","type-page","status-publish"],"_links":{"self":[{"href":"https:\/\/escuelanauticasalinas.com\/en\/wp-json\/wp\/v2\/pages\/7956","targetHints":{"allow":["GET"]}}],"collection":[{"href":"https:\/\/escuelanauticasalinas.com\/en\/wp-json\/wp\/v2\/pages"}],"about":[{"href":"https:\/\/escuelanauticasalinas.com\/en\/wp-json\/wp\/v2\/types\/page"}],"author":[{"embeddable":true,"href":"https:\/\/escuelanauticasalinas.com\/en\/wp-json\/wp\/v2\/users\/2"}],"replies":[{"embeddable":true,"href":"https:\/\/escuelanauticasalinas.com\/en\/wp-json\/wp\/v2\/comments?post=7956"}],"version-history":[{"count":2,"href":"https:\/\/escuelanauticasalinas.com\/en\/wp-json\/wp\/v2\/pages\/7956\/revisions"}],"predecessor-version":[{"id":9087,"href":"https:\/\/escuelanauticasalinas.com\/en\/wp-json\/wp\/v2\/pages\/7956\/revisions\/9087"}],"wp:attachment":[{"href":"https:\/\/escuelanauticasalinas.com\/en\/wp-json\/wp\/v2\/media?parent=7956"}],"curies":[{"name":"wp","href":"https:\/\/api.w.org\/{rel}","templated":true}]}}