{"id":8255,"date":"2025-01-21T14:18:16","date_gmt":"2025-01-21T14:18:16","guid":{"rendered":"https:\/\/escuelanauticasalinas.com\/?page_id=8255"},"modified":"2025-03-21T18:19:22","modified_gmt":"2025-03-21T18:19:22","slug":"curso-capitan-de-yate-cy-teorico-practicas-online","status":"publish","type":"page","link":"https:\/\/escuelanauticasalinas.com\/en\/curso-capitan-de-yate-cy-teorico-practicas-online\/","title":{"rendered":"CAPIT\u00c1N DE YATE &#8211; CY"},"content":{"rendered":"<h2 class=\"wp-block-heading has-text-align-center has-base-background-color has-background has-medium-font-size\">CAPIT\u00c1N DE YATE (CY)<\/h2>\n\n\n\n<p><strong>Atribuciones:<\/strong><\/p>\n\n\n\n<p>-Gobernar embarcaciones de hasta 24 metros de eslora, sin l\u00edmite de potencia de motor.<\/p>\n\n\n\n<p>-Sin l\u00edmites de navegaci\u00f3n.<\/p>\n\n\n\n<p>-Navegaci\u00f3n diurna y nocturna<\/p>\n\n\n\n<p><strong>Requisitos para obtener la titulaci\u00f3n PY:&nbsp;<\/strong><\/p>\n\n\n\n<ul class=\"wp-block-list\">\n<li>Mayor de edad, 18 a\u00f1os cumplidos en el momento de aprobar el examen te\u00f3rico<\/li>\n\n\n\n<li>Certificado M\u00e9dico donde se acredite que re\u00fane las condiciones psicof\u00edsicas para el gobierno de embarcaciones de recreo, seg\u00fan Real Decreto 875\/2014 del 10 de octubre.<\/li>\n\n\n\n<li>Estar en posesi\u00f3n de titulaci\u00f3n PY completa previamente<\/li>\n\n\n\n<li>Aprobar el examen te\u00f3rico de tu comunidad aut\u00f3noma<\/li>\n\n\n\n<li>Realizar&nbsp;<strong>pr\u00e1cticas oficiales CY<\/strong>&nbsp;de 48 horas<\/li>\n<\/ul>\n\n\n<div data-block-name=\"woocommerce\/product-category\" data-categories=\"[51]\" data-columns=\"4\" data-content-visibility=\"{&quot;image&quot;:true,&quot;title&quot;:true,&quot;price&quot;:true,&quot;rating&quot;:false,&quot;button&quot;:true}\" data-orderby=\"price_desc\" data-stock-status=\"[&quot;&quot;,&quot;&quot;,&quot;instock&quot;,&quot;onbackorder&quot;,&quot;outofstock&quot;]\" class=\"wc-block-grid wp-block-product-category wp-block-woocommerce-product-category wc-block-product-category has-4-columns has-multiple-rows\"><ul class=\"wc-block-grid__products\"><li class=\"wc-block-grid__product\">\n\t\t\t\t<a href=\"https:\/\/escuelanauticasalinas.com\/en\/product\/capitan-de-yate-teorico\/\" class=\"wc-block-grid__product-link\">\n\t\t\t\t\t\n\t\t\t\t\t<div class=\"wc-block-grid__product-image\"><img fetchpriority=\"high\" decoding=\"async\" width=\"400\" height=\"400\" src=\"https:\/\/escuelanauticasalinas.com\/wp-content\/uploads\/2024\/04\/Per-teorico-examen-oficial-400x400.png\" class=\"attachment-woocommerce_thumbnail size-woocommerce_thumbnail\" alt=\"Capit\u00e1n de yate te\u00f3rico\" srcset=\"https:\/\/escuelanauticasalinas.com\/wp-content\/uploads\/2024\/04\/Per-teorico-examen-oficial-400x400.png 400w, https:\/\/escuelanauticasalinas.com\/wp-content\/uploads\/2024\/04\/Per-teorico-examen-oficial-150x150.png 150w, https:\/\/escuelanauticasalinas.com\/wp-content\/uploads\/2024\/04\/Per-teorico-examen-oficial-100x100.png 100w\" sizes=\"(max-width: 400px) 100vw, 400px\" \/><\/div>\n\t\t\t\t\t<div class=\"wc-block-grid__product-title\">Capit\u00e1n de yate te\u00f3rico<\/div>\n\t\t\t\t<\/a>\n\t\t\t\t<div class=\"wc-block-grid__product-price price\"><span class=\"woocommerce-Price-amount amount\">700,00&nbsp;<span class=\"woocommerce-Price-currencySymbol\">&euro;<\/span><\/span><\/div>\n\t\t\t\t\n\t\t\t\t<div class=\"wp-block-button wc-block-grid__product-add-to-cart\"><a href=\"\/en\/wp-json\/wp\/v2\/pages\/8255?add-to-cart=8252\" aria-label=\"Add to cart: \u201cCapit\u00e1n de yate te\u00f3rico\u201d\" data-quantity=\"1\" data-product_id=\"8252\" data-product_sku=\"\" data-price=\"700\" rel=\"nofollow\" class=\"wp-block-button__link  add_to_cart_button ajax_add_to_cart\" data-no-translation=\"\" data-trp-gettext=\"\" data-no-translation-aria-label=\"\">Add to cart<\/a><\/div>\n\t\t\t<\/li><li class=\"wc-block-grid__product\">\n\t\t\t\t<a href=\"https:\/\/escuelanauticasalinas.com\/en\/product\/practicas-capitan-de-yate\/\" class=\"wc-block-grid__product-link\">\n\t\t\t\t\t\n\t\t\t\t\t<div class=\"wc-block-grid__product-image\"><img decoding=\"async\" width=\"400\" height=\"400\" src=\"https:\/\/escuelanauticasalinas.com\/wp-content\/uploads\/2025\/01\/Captura-de-pantalla-2025-01-22-164753-400x400.png\" class=\"attachment-woocommerce_thumbnail size-woocommerce_thumbnail\" alt=\"Capit\u00e1n de yate pr\u00e1cticas oficiales 48h\" srcset=\"https:\/\/escuelanauticasalinas.com\/wp-content\/uploads\/2025\/01\/Captura-de-pantalla-2025-01-22-164753-400x400.png 400w, https:\/\/escuelanauticasalinas.com\/wp-content\/uploads\/2025\/01\/Captura-de-pantalla-2025-01-22-164753-150x150.png 150w, https:\/\/escuelanauticasalinas.com\/wp-content\/uploads\/2025\/01\/Captura-de-pantalla-2025-01-22-164753-100x100.png 100w\" sizes=\"(max-width: 400px) 100vw, 400px\" \/><\/div>\n\t\t\t\t\t<div class=\"wc-block-grid__product-title\">Capit\u00e1n de yate pr\u00e1cticas oficiales 48h<\/div>\n\t\t\t\t<\/a>\n\t\t\t\t<div class=\"wc-block-grid__product-price price\"><span class=\"woocommerce-Price-amount amount\">540,00&nbsp;<span class=\"woocommerce-Price-currencySymbol\">&euro;<\/span><\/span><\/div>\n\t\t\t\t\n\t\t\t\t<div class=\"wp-block-button wc-block-grid__product-add-to-cart\"><a href=\"\/en\/wp-json\/wp\/v2\/pages\/8255?add-to-cart=8259\" aria-label=\"Add to cart: \u201cCapit\u00e1n de yate pr\u00e1cticas oficiales 48h\u201d\" data-quantity=\"1\" data-product_id=\"8259\" data-product_sku=\"\" data-price=\"540\" rel=\"nofollow\" class=\"wp-block-button__link  add_to_cart_button ajax_add_to_cart\" data-no-translation=\"\" data-trp-gettext=\"\" data-no-translation-aria-label=\"\">Add to cart<\/a><\/div>\n\t\t\t<\/li><\/ul><\/div>\n\n\n<p><\/p>","protected":false},"excerpt":{"rendered":"<p>CAPIT\u00c1N DE YATE (CY) Atribuciones: -Gobernar embarcaciones de hasta 24 metros de eslora, sin l\u00edmite de potencia de motor. -Sin l\u00edmites de navegaci\u00f3n. -Navegaci\u00f3n diurna &#8230; <a title=\"CAPIT\u00c1N DE YATE &#8211; CY\" class=\"read-more\" href=\"https:\/\/escuelanauticasalinas.com\/en\/curso-capitan-de-yate-cy-teorico-practicas-online\/\" aria-label=\"Read more about CAPIT\u00c1N DE YATE &#8211; CY\">Leer M\u00e1s<\/a><\/p>","protected":false},"author":4,"featured_media":0,"parent":0,"menu_order":0,"comment_status":"closed","ping_status":"closed","template":"","meta":{"_joinchat":[],"footnotes":""},"class_list":["post-8255","page","type-page","status-publish"],"_links":{"self":[{"href":"https:\/\/escuelanauticasalinas.com\/en\/wp-json\/wp\/v2\/pages\/8255","targetHints":{"allow":["GET"]}}],"collection":[{"href":"https:\/\/escuelanauticasalinas.com\/en\/wp-json\/wp\/v2\/pages"}],"about":[{"href":"https:\/\/escuelanauticasalinas.com\/en\/wp-json\/wp\/v2\/types\/page"}],"author":[{"embeddable":true,"href":"https:\/\/escuelanauticasalinas.com\/en\/wp-json\/wp\/v2\/users\/4"}],"replies":[{"embeddable":true,"href":"https:\/\/escuelanauticasalinas.com\/en\/wp-json\/wp\/v2\/comments?post=8255"}],"version-history":[{"count":6,"href":"https:\/\/escuelanauticasalinas.com\/en\/wp-json\/wp\/v2\/pages\/8255\/revisions"}],"predecessor-version":[{"id":8376,"href":"https:\/\/escuelanauticasalinas.com\/en\/wp-json\/wp\/v2\/pages\/8255\/revisions\/8376"}],"wp:attachment":[{"href":"https:\/\/escuelanauticasalinas.com\/en\/wp-json\/wp\/v2\/media?parent=8255"}],"curies":[{"name":"wp","href":"https:\/\/api.w.org\/{rel}","templated":true}]}}