{"id":8896,"date":"2026-01-04T12:43:44","date_gmt":"2026-01-04T12:43:44","guid":{"rendered":"https:\/\/escuelanauticasalinas.com\/?page_id=8896"},"modified":"2026-01-29T11:26:05","modified_gmt":"2026-01-29T11:26:05","slug":"cursos-de-perfeccionamiento","status":"publish","type":"page","link":"https:\/\/escuelanauticasalinas.com\/en\/cursos-de-perfeccionamiento\/","title":{"rendered":"Cursos de perfeccionamiento"},"content":{"rendered":"<div data-elementor-type=\"wp-page\" data-elementor-id=\"8896\" class=\"elementor elementor-8896\" data-elementor-post-type=\"page\">\n\t\t\t\t<div class=\"elementor-element elementor-element-84cc6b8 e-con-full e-flex e-con e-parent\" data-id=\"84cc6b8\" data-element_type=\"container\" data-e-type=\"container\">\n\t\t\t\t<div class=\"elementor-element elementor-element-465d20f elementor-widget elementor-widget-spacer\" data-id=\"465d20f\" data-element_type=\"widget\" data-e-type=\"widget\" data-widget_type=\"spacer.default\">\n\t\t\t\t<div class=\"elementor-widget-container\">\n\t\t\t\t\t\t\t<div class=\"elementor-spacer\">\n\t\t\t<div class=\"elementor-spacer-inner\"><\/div>\n\t\t<\/div>\n\t\t\t\t\t\t<\/div>\n\t\t\t\t<\/div>\n\t\t\t\t<div class=\"elementor-element elementor-element-33de31f elementor-widget elementor-widget-heading\" data-id=\"33de31f\" data-element_type=\"widget\" data-e-type=\"widget\" data-widget_type=\"heading.default\">\n\t\t\t\t<div class=\"elementor-widget-container\">\n\t\t\t\t\t<h1 class=\"elementor-heading-title elementor-size-default\">Cursos de perfeccionamiento<\/h1>\t\t\t\t<\/div>\n\t\t\t\t<\/div>\n\t\t\t\t<div class=\"elementor-element elementor-element-7e1ddfb elementor-widget elementor-widget-spacer\" data-id=\"7e1ddfb\" data-element_type=\"widget\" data-e-type=\"widget\" data-widget_type=\"spacer.default\">\n\t\t\t\t<div class=\"elementor-widget-container\">\n\t\t\t\t\t\t\t<div class=\"elementor-spacer\">\n\t\t\t<div class=\"elementor-spacer-inner\"><\/div>\n\t\t<\/div>\n\t\t\t\t\t\t<\/div>\n\t\t\t\t<\/div>\n\t\t\t\t<\/div>\n\t\t<div class=\"elementor-element elementor-element-2a2c790 e-con-full e-flex e-con e-parent\" data-id=\"2a2c790\" data-element_type=\"container\" data-e-type=\"container\">\n\t\t\t\t<div class=\"elementor-element elementor-element-9c2d391 elementor-product-loop-item--align-center elementor-grid-4 elementor-grid-tablet-3 elementor-grid-mobile-2 elementor-products-grid elementor-wc-products elementor-widget elementor-widget-woocommerce-products\" data-id=\"9c2d391\" data-element_type=\"widget\" data-e-type=\"widget\" data-widget_type=\"woocommerce-products.default\">\n\t\t\t\t<div class=\"elementor-widget-container\">\n\t\t\t\t\t<div class=\"woocommerce columns-4\"><ul class=\"products elementor-grid columns-4\">\n<li class=\"sales-flash-overlay woocommerce-text-align-left woocommerce-image-align-center do-quantity-buttons product type-product post-7942 status-publish first instock product_cat-sin-categorizar has-post-thumbnail taxable shipping-taxable purchasable product-type-simple\">\n\t<a href=\"https:\/\/escuelanauticasalinas.com\/en\/product\/curso-perfeccionamiento-vela\/\" class=\"woocommerce-LoopProduct-link woocommerce-loop-product__link\"><img fetchpriority=\"high\" decoding=\"async\" width=\"400\" height=\"400\" src=\"https:\/\/escuelanauticasalinas.com\/wp-content\/uploads\/2024\/10\/Curso-vela-navegantes-400x400.webp\" class=\"attachment-woocommerce_thumbnail size-woocommerce_thumbnail\" alt=\"Perfeccionamiento navegaci\u00f3n a vela\" srcset=\"https:\/\/escuelanauticasalinas.com\/wp-content\/uploads\/2024\/10\/Curso-vela-navegantes-400x400.webp 400w, https:\/\/escuelanauticasalinas.com\/wp-content\/uploads\/2024\/10\/Curso-vela-navegantes-150x150.webp 150w, https:\/\/escuelanauticasalinas.com\/wp-content\/uploads\/2024\/10\/Curso-vela-navegantes-100x100.webp 100w\" sizes=\"(max-width: 400px) 100vw, 400px\" \/><h2 class=\"woocommerce-loop-product__title\">Perfeccionamiento navegaci\u00f3n a vela<\/h2>\n\t<span class=\"price\"><span class=\"woocommerce-Price-amount amount\"><bdi>240,00&nbsp;<span class=\"woocommerce-Price-currencySymbol\">&euro;<\/span><\/bdi><\/span><\/span>\n<\/a><div class=\"woocommerce-loop-product__buttons\"><a href=\"\/en\/wp-json\/wp\/v2\/pages\/8896?add-to-cart=7942\" aria-describedby=\"woocommerce_loop_add_to_cart_link_describedby_7942\" data-quantity=\"1\" class=\"button product_type_simple add_to_cart_button ajax_add_to_cart\" data-product_id=\"7942\" data-product_sku=\"\" aria-label=\"Add to cart: \u201cPerfeccionamiento navegaci\u00f3n a vela\u201d\" rel=\"nofollow\" data-success_message=\"\u201cPerfeccionamiento navegaci\u00f3n a vela\u201d has been added to your cart\" data-no-translation=\"\" data-trp-gettext=\"\" data-no-translation-aria-label=\"\" data-no-translation-data-success_message=\"\">Add to cart<\/a><\/div>\t<span id=\"woocommerce_loop_add_to_cart_link_describedby_7942\" class=\"screen-reader-text\">\n\t\t\t<\/span>\n<\/li>\n<li class=\"sales-flash-overlay woocommerce-text-align-left woocommerce-image-align-center do-quantity-buttons product type-product post-8970 status-publish instock product_cat-sin-categorizar has-post-thumbnail taxable shipping-taxable purchasable product-type-simple\">\n\t<a href=\"https:\/\/escuelanauticasalinas.com\/en\/product\/navegacion-con-mal-tiempo\/\" class=\"woocommerce-LoopProduct-link woocommerce-loop-product__link\"><img decoding=\"async\" width=\"400\" height=\"400\" src=\"https:\/\/escuelanauticasalinas.com\/wp-content\/uploads\/2026\/01\/Navegar-mal-tiempo-webp-400x400.webp\" class=\"attachment-woocommerce_thumbnail size-woocommerce_thumbnail\" alt=\"Navegaci\u00f3n con mal tiempo\" srcset=\"https:\/\/escuelanauticasalinas.com\/wp-content\/uploads\/2026\/01\/Navegar-mal-tiempo-webp-400x400.webp 400w, https:\/\/escuelanauticasalinas.com\/wp-content\/uploads\/2026\/01\/Navegar-mal-tiempo-webp-150x150.webp 150w, https:\/\/escuelanauticasalinas.com\/wp-content\/uploads\/2026\/01\/Navegar-mal-tiempo-webp-100x100.webp 100w\" sizes=\"(max-width: 400px) 100vw, 400px\" \/><h2 class=\"woocommerce-loop-product__title\">Navegaci\u00f3n con mal tiempo<\/h2>\n\t<span class=\"price\"><span class=\"woocommerce-Price-amount amount\"><bdi>600,00&nbsp;<span class=\"woocommerce-Price-currencySymbol\">&euro;<\/span><\/bdi><\/span><\/span>\n<\/a><div class=\"woocommerce-loop-product__buttons\"><a href=\"\/en\/wp-json\/wp\/v2\/pages\/8896?add-to-cart=8970\" aria-describedby=\"woocommerce_loop_add_to_cart_link_describedby_8970\" data-quantity=\"1\" class=\"button product_type_simple add_to_cart_button ajax_add_to_cart\" data-product_id=\"8970\" data-product_sku=\"\" aria-label=\"Add to cart: \u201cNavegaci\u00f3n con mal tiempo\u201d\" rel=\"nofollow\" data-success_message=\"\u201cNavegaci\u00f3n con mal tiempo\u201d has been added to your cart\" data-no-translation=\"\" data-trp-gettext=\"\" data-no-translation-aria-label=\"\" data-no-translation-data-success_message=\"\">Add to cart<\/a><\/div>\t<span id=\"woocommerce_loop_add_to_cart_link_describedby_8970\" class=\"screen-reader-text\">\n\t\t\t<\/span>\n<\/li>\n<li class=\"sales-flash-overlay woocommerce-text-align-left woocommerce-image-align-center do-quantity-buttons wc-has-gallery product type-product post-8973 status-publish instock product_cat-sin-categorizar has-post-thumbnail taxable shipping-taxable purchasable product-type-simple\">\n\t<a href=\"https:\/\/escuelanauticasalinas.com\/en\/product\/maniobras-de-atraque-y-fondeo\/\" class=\"woocommerce-LoopProduct-link woocommerce-loop-product__link\"><img decoding=\"async\" width=\"400\" height=\"400\" src=\"https:\/\/escuelanauticasalinas.com\/wp-content\/uploads\/2026\/01\/Maniobras-atraque-webp-400x400.webp\" class=\"secondary-image attachment-shop-catalog\" alt=\"\" srcset=\"https:\/\/escuelanauticasalinas.com\/wp-content\/uploads\/2026\/01\/Maniobras-atraque-webp-400x400.webp 400w, https:\/\/escuelanauticasalinas.com\/wp-content\/uploads\/2026\/01\/Maniobras-atraque-webp-150x150.webp 150w, https:\/\/escuelanauticasalinas.com\/wp-content\/uploads\/2026\/01\/Maniobras-atraque-webp-100x100.webp 100w\" sizes=\"(max-width: 400px) 100vw, 400px\" \/><img loading=\"lazy\" decoding=\"async\" width=\"400\" height=\"400\" src=\"https:\/\/escuelanauticasalinas.com\/wp-content\/uploads\/2026\/01\/Fondeo-webp-400x400.webp\" class=\"attachment-woocommerce_thumbnail size-woocommerce_thumbnail\" alt=\"Maniobras de atraque y fondeo\" srcset=\"https:\/\/escuelanauticasalinas.com\/wp-content\/uploads\/2026\/01\/Fondeo-webp-400x400.webp 400w, https:\/\/escuelanauticasalinas.com\/wp-content\/uploads\/2026\/01\/Fondeo-webp-150x150.webp 150w, https:\/\/escuelanauticasalinas.com\/wp-content\/uploads\/2026\/01\/Fondeo-webp-100x100.webp 100w\" sizes=\"(max-width: 400px) 100vw, 400px\" \/><h2 class=\"woocommerce-loop-product__title\">Maniobras de atraque y fondeo<\/h2>\n\t<span class=\"price\"><span class=\"woocommerce-Price-amount amount\"><bdi>340,00&nbsp;<span class=\"woocommerce-Price-currencySymbol\">&euro;<\/span><\/bdi><\/span><\/span>\n<\/a><div class=\"woocommerce-loop-product__buttons\"><a href=\"\/en\/wp-json\/wp\/v2\/pages\/8896?add-to-cart=8973\" aria-describedby=\"woocommerce_loop_add_to_cart_link_describedby_8973\" data-quantity=\"1\" class=\"button product_type_simple add_to_cart_button ajax_add_to_cart\" data-product_id=\"8973\" data-product_sku=\"\" aria-label=\"Add to cart: \u201cManiobras de atraque y fondeo\u201d\" rel=\"nofollow\" data-success_message=\"\u201cManiobras de atraque y fondeo\u201d has been added to your cart\" data-no-translation=\"\" data-trp-gettext=\"\" data-no-translation-aria-label=\"\" data-no-translation-data-success_message=\"\">Add to cart<\/a><\/div>\t<span id=\"woocommerce_loop_add_to_cart_link_describedby_8973\" class=\"screen-reader-text\">\n\t\t\t<\/span>\n<\/li>\n<li class=\"sales-flash-overlay woocommerce-text-align-left woocommerce-image-align-center do-quantity-buttons product type-product post-8962 status-publish last instock product_cat-sin-categorizar has-post-thumbnail virtual taxable purchasable product-type-simple\">\n\t<a href=\"https:\/\/escuelanauticasalinas.com\/en\/product\/curso-de-planificacion-de-travesia-y-derrota\/\" class=\"woocommerce-LoopProduct-link woocommerce-loop-product__link\"><img loading=\"lazy\" decoding=\"async\" width=\"400\" height=\"400\" src=\"https:\/\/escuelanauticasalinas.com\/wp-content\/uploads\/2026\/01\/planificacion-rutas-webp-400x400.webp\" class=\"attachment-woocommerce_thumbnail size-woocommerce_thumbnail\" alt=\"Curso te\u00f3rico de planificaci\u00f3n de traves\u00eda y derrota\" srcset=\"https:\/\/escuelanauticasalinas.com\/wp-content\/uploads\/2026\/01\/planificacion-rutas-webp-400x400.webp 400w, https:\/\/escuelanauticasalinas.com\/wp-content\/uploads\/2026\/01\/planificacion-rutas-webp-150x150.webp 150w, https:\/\/escuelanauticasalinas.com\/wp-content\/uploads\/2026\/01\/planificacion-rutas-webp-100x100.webp 100w\" sizes=\"(max-width: 400px) 100vw, 400px\" \/><h2 class=\"woocommerce-loop-product__title\">Curso te\u00f3rico de planificaci\u00f3n de traves\u00eda y derrota<\/h2>\n\t<span class=\"price\"><span class=\"woocommerce-Price-amount amount\"><bdi>120,00&nbsp;<span class=\"woocommerce-Price-currencySymbol\">&euro;<\/span><\/bdi><\/span><\/span>\n<\/a><div class=\"woocommerce-loop-product__buttons\"><a href=\"\/en\/wp-json\/wp\/v2\/pages\/8896?add-to-cart=8962\" aria-describedby=\"woocommerce_loop_add_to_cart_link_describedby_8962\" data-quantity=\"1\" class=\"button product_type_simple add_to_cart_button ajax_add_to_cart\" data-product_id=\"8962\" data-product_sku=\"\" aria-label=\"Add to cart: \u201cCurso te\u00f3rico de planificaci\u00f3n de traves\u00eda y derrota\u201d\" rel=\"nofollow\" data-success_message=\"\u201cCurso te\u00f3rico de planificaci\u00f3n de traves\u00eda y derrota\u201d has been added to your cart\" data-no-translation=\"\" data-trp-gettext=\"\" data-no-translation-aria-label=\"\" data-no-translation-data-success_message=\"\">Add to cart<\/a><\/div>\t<span id=\"woocommerce_loop_add_to_cart_link_describedby_8962\" class=\"screen-reader-text\">\n\t\t\t<\/span>\n<\/li>\n<\/ul>\n<\/div>\t\t\t\t<\/div>\n\t\t\t\t<\/div>\n\t\t\t\t<\/div>\n\t\t\t\t<\/div>","protected":false},"excerpt":{"rendered":"<p>Cursos de perfeccionamiento<\/p>","protected":false},"author":4,"featured_media":0,"parent":0,"menu_order":0,"comment_status":"closed","ping_status":"closed","template":"elementor_header_footer","meta":{"_joinchat":[],"footnotes":""},"class_list":["post-8896","page","type-page","status-publish"],"_links":{"self":[{"href":"https:\/\/escuelanauticasalinas.com\/en\/wp-json\/wp\/v2\/pages\/8896","targetHints":{"allow":["GET"]}}],"collection":[{"href":"https:\/\/escuelanauticasalinas.com\/en\/wp-json\/wp\/v2\/pages"}],"about":[{"href":"https:\/\/escuelanauticasalinas.com\/en\/wp-json\/wp\/v2\/types\/page"}],"author":[{"embeddable":true,"href":"https:\/\/escuelanauticasalinas.com\/en\/wp-json\/wp\/v2\/users\/4"}],"replies":[{"embeddable":true,"href":"https:\/\/escuelanauticasalinas.com\/en\/wp-json\/wp\/v2\/comments?post=8896"}],"version-history":[{"count":70,"href":"https:\/\/escuelanauticasalinas.com\/en\/wp-json\/wp\/v2\/pages\/8896\/revisions"}],"predecessor-version":[{"id":9569,"href":"https:\/\/escuelanauticasalinas.com\/en\/wp-json\/wp\/v2\/pages\/8896\/revisions\/9569"}],"wp:attachment":[{"href":"https:\/\/escuelanauticasalinas.com\/en\/wp-json\/wp\/v2\/media?parent=8896"}],"curies":[{"name":"wp","href":"https:\/\/api.w.org\/{rel}","templated":true}]}}