{"id":5808,"date":"2024-01-11T13:55:46","date_gmt":"2024-01-11T13:55:46","guid":{"rendered":"http:\/\/escuelanauticasalinas.com\/?post_type=product&#038;p=5808"},"modified":"2026-01-14T06:32:30","modified_gmt":"2026-01-14T06:32:30","slug":"transportador-de-angulos-nauticos","status":"publish","type":"product","link":"https:\/\/escuelanauticasalinas.com\/en\/product\/transportador-de-angulos-nauticos\/","title":{"rendered":"Transportador de \u00c1ngulos N\u00e1uticos"},"content":{"rendered":"<p>Perfecto para medir angulos en tu carta n\u00e1utica. Lo hemos dise\u00f1ado especialmente para facilitarte la resoluci\u00f3n de ejercicios y utilizarlo de una manera muy agil, con muchos trucos:<\/p>\n<ul>\n<li>Dispone de un grid para poder posicionarlo a nivel ayud\u00e1ndonos de paralelos y meridianos de la carta.<\/li>\n<li>Escala interior de \u00e1ngulos opuestos para medir demoras sin necesidad de hacer c\u00e1lculos.<\/li>\n<li>Ayuda visual para obtener rumbos en sistema cuadrantal sin necesidad de hacer c\u00e1lculos.<\/li>\n<li>Ayuda visual para reconocer balizas de marcas cardinales<\/li>\n<li>Representaci\u00f3n de las 16 cuartas de la rosa de los vientos.<\/li>\n<\/ul>","protected":false},"excerpt":{"rendered":"<p>Transportador de \u00e1ngulos n\u00e1uticos lleno de trucos y ayudas visuales para el navegante.<\/p>","protected":false},"featured_media":0,"template":"","meta":{"_joinchat":[]},"product_brand":[],"product_cat":[38],"product_tag":[],"class_list":{"0":"post-5808","1":"product","2":"type-product","3":"status-publish","5":"product_cat-materiales","6":"sales-flash-overlay","7":"woocommerce-text-align-left","8":"woocommerce-image-align-center","9":"do-quantity-buttons","11":"first","12":"instock","13":"taxable","14":"shipping-taxable","15":"purchasable","16":"product-type-simple"},"_links":{"self":[{"href":"https:\/\/escuelanauticasalinas.com\/en\/wp-json\/wp\/v2\/product\/5808","targetHints":{"allow":["GET"]}}],"collection":[{"href":"https:\/\/escuelanauticasalinas.com\/en\/wp-json\/wp\/v2\/product"}],"about":[{"href":"https:\/\/escuelanauticasalinas.com\/en\/wp-json\/wp\/v2\/types\/product"}],"version-history":[{"count":2,"href":"https:\/\/escuelanauticasalinas.com\/en\/wp-json\/wp\/v2\/product\/5808\/revisions"}],"predecessor-version":[{"id":9297,"href":"https:\/\/escuelanauticasalinas.com\/en\/wp-json\/wp\/v2\/product\/5808\/revisions\/9297"}],"wp:attachment":[{"href":"https:\/\/escuelanauticasalinas.com\/en\/wp-json\/wp\/v2\/media?parent=5808"}],"wp:term":[{"taxonomy":"product_brand","embeddable":true,"href":"https:\/\/escuelanauticasalinas.com\/en\/wp-json\/wp\/v2\/product_brand?post=5808"},{"taxonomy":"product_cat","embeddable":true,"href":"https:\/\/escuelanauticasalinas.com\/en\/wp-json\/wp\/v2\/product_cat?post=5808"},{"taxonomy":"product_tag","embeddable":true,"href":"https:\/\/escuelanauticasalinas.com\/en\/wp-json\/wp\/v2\/product_tag?post=5808"}],"curies":[{"name":"wp","href":"https:\/\/api.w.org\/{rel}","templated":true}]}}