{"id":7529,"date":"2024-04-12T06:31:31","date_gmt":"2024-04-12T06:31:31","guid":{"rendered":"http:\/\/escuelanauticasalinas.com\/?post_type=product&#038;p=7529"},"modified":"2026-01-28T14:29:01","modified_gmt":"2026-01-28T14:29:01","slug":"practica-oficial-travesia-24h-atribuciones-anexas-ampliacion-baleares","status":"publish","type":"product","link":"https:\/\/escuelanauticasalinas.com\/en\/product\/practica-oficial-travesia-24h-atribuciones-anexas-ampliacion-baleares\/","title":{"rendered":"PR\u00c1CTICA OFICIAL NAVEGACION TRAVES\u00cdA 24h"},"content":{"rendered":"<p><span style=\"font-weight: 400;\">Amplia tus competencias de tu titulaci\u00f3n PER pudiendo gobernar embarcaciones hasta 24 m de eslora. Curso conocido como ampliaci\u00f3n a Baleares, el cual te permite adem\u00e1s navegar desde la pen\u00ednsula a las islas Baleares.<\/span><\/p>\n<p>\u00bfTienes dudas? escr\u00edbenos<\/p>\n<p>&nbsp;<\/p>","protected":false},"excerpt":{"rendered":"<p>Amplia tus competencias de tu titulaci\u00f3n PER pudiendo gobernar embarcaciones hasta 24 m de eslora. Curso conocido como ampliaci\u00f3n a Baleares, el cual te permite &#8230; <a title=\"PR\u00c1CTICA OFICIAL NAVEGACION TRAVES\u00cdA 24h\" class=\"read-more\" href=\"https:\/\/escuelanauticasalinas.com\/en\/product\/practica-oficial-travesia-24h-atribuciones-anexas-ampliacion-baleares\/\" aria-label=\"Read more about PR\u00c1CTICA OFICIAL NAVEGACION TRAVES\u00cdA 24h\">Leer M\u00e1s<\/a><\/p>","protected":false},"featured_media":7595,"template":"","meta":{"_joinchat":[]},"product_brand":[],"product_cat":[32],"product_tag":[],"class_list":{"0":"post-7529","1":"product","2":"type-product","3":"status-publish","4":"has-post-thumbnail","6":"product_cat-per","7":"sales-flash-overlay","8":"woocommerce-text-align-left","9":"woocommerce-image-align-center","10":"do-quantity-buttons","12":"first","13":"instock","14":"taxable","15":"shipping-taxable","16":"purchasable","17":"product-type-simple"},"_links":{"self":[{"href":"https:\/\/escuelanauticasalinas.com\/en\/wp-json\/wp\/v2\/product\/7529","targetHints":{"allow":["GET"]}}],"collection":[{"href":"https:\/\/escuelanauticasalinas.com\/en\/wp-json\/wp\/v2\/product"}],"about":[{"href":"https:\/\/escuelanauticasalinas.com\/en\/wp-json\/wp\/v2\/types\/product"}],"version-history":[{"count":4,"href":"https:\/\/escuelanauticasalinas.com\/en\/wp-json\/wp\/v2\/product\/7529\/revisions"}],"predecessor-version":[{"id":9530,"href":"https:\/\/escuelanauticasalinas.com\/en\/wp-json\/wp\/v2\/product\/7529\/revisions\/9530"}],"wp:featuredmedia":[{"embeddable":true,"href":"https:\/\/escuelanauticasalinas.com\/en\/wp-json\/wp\/v2\/media\/7595"}],"wp:attachment":[{"href":"https:\/\/escuelanauticasalinas.com\/en\/wp-json\/wp\/v2\/media?parent=7529"}],"wp:term":[{"taxonomy":"product_brand","embeddable":true,"href":"https:\/\/escuelanauticasalinas.com\/en\/wp-json\/wp\/v2\/product_brand?post=7529"},{"taxonomy":"product_cat","embeddable":true,"href":"https:\/\/escuelanauticasalinas.com\/en\/wp-json\/wp\/v2\/product_cat?post=7529"},{"taxonomy":"product_tag","embeddable":true,"href":"https:\/\/escuelanauticasalinas.com\/en\/wp-json\/wp\/v2\/product_tag?post=7529"}],"curies":[{"name":"wp","href":"https:\/\/api.w.org\/{rel}","templated":true}]}}