{"id":7536,"date":"2024-04-12T06:33:20","date_gmt":"2024-04-12T06:33:20","guid":{"rendered":"http:\/\/escuelanauticasalinas.com\/?post_type=product&#038;p=7536"},"modified":"2026-01-11T12:46:37","modified_gmt":"2026-01-11T12:46:37","slug":"practicas-navegacion-oficiales-vela-per-patron-capitan-yate","status":"publish","type":"product","link":"https:\/\/escuelanauticasalinas.com\/en\/product\/practicas-navegacion-oficiales-vela-per-patron-capitan-yate\/","title":{"rendered":"PR\u00c1CTICAS OFICIALES A VELA (16h)"},"content":{"rendered":"<p><span style=\"font-weight: 400;\">Pr\u00e1cticas oficiales de navegaci\u00f3n a vela (16h repartidas en dos d\u00edas).<\/span><\/p>\n<p>Solo tendr\u00e1s que realizar estas practicas una vez y se a\u00f1adir\u00e1n estas atribuciones al titulo que tengas.<\/p>","protected":false},"excerpt":{"rendered":"<p>Pr\u00e1cticas oficiales de navegaci\u00f3n a vela (16h repartidas en dos d\u00edas). Solo tendr\u00e1s que realizar estas practicas una vez y se a\u00f1adir\u00e1n estas atribuciones al &#8230; <a title=\"PR\u00c1CTICAS OFICIALES A VELA (16h)\" class=\"read-more\" href=\"https:\/\/escuelanauticasalinas.com\/en\/product\/practicas-navegacion-oficiales-vela-per-patron-capitan-yate\/\" aria-label=\"Read more about PR\u00c1CTICAS OFICIALES A VELA (16h)\">Leer M\u00e1s<\/a><\/p>","protected":false},"featured_media":7596,"template":"","meta":{"_joinchat":[]},"product_brand":[],"product_cat":[32],"product_tag":[],"class_list":{"0":"post-7536","1":"product","2":"type-product","3":"status-publish","4":"has-post-thumbnail","6":"product_cat-per","7":"sales-flash-overlay","8":"woocommerce-text-align-left","9":"woocommerce-image-align-center","10":"do-quantity-buttons","12":"first","13":"instock","14":"taxable","15":"shipping-taxable","16":"purchasable","17":"product-type-simple"},"_links":{"self":[{"href":"https:\/\/escuelanauticasalinas.com\/en\/wp-json\/wp\/v2\/product\/7536","targetHints":{"allow":["GET"]}}],"collection":[{"href":"https:\/\/escuelanauticasalinas.com\/en\/wp-json\/wp\/v2\/product"}],"about":[{"href":"https:\/\/escuelanauticasalinas.com\/en\/wp-json\/wp\/v2\/types\/product"}],"version-history":[{"count":3,"href":"https:\/\/escuelanauticasalinas.com\/en\/wp-json\/wp\/v2\/product\/7536\/revisions"}],"predecessor-version":[{"id":9115,"href":"https:\/\/escuelanauticasalinas.com\/en\/wp-json\/wp\/v2\/product\/7536\/revisions\/9115"}],"wp:featuredmedia":[{"embeddable":true,"href":"https:\/\/escuelanauticasalinas.com\/en\/wp-json\/wp\/v2\/media\/7596"}],"wp:attachment":[{"href":"https:\/\/escuelanauticasalinas.com\/en\/wp-json\/wp\/v2\/media?parent=7536"}],"wp:term":[{"taxonomy":"product_brand","embeddable":true,"href":"https:\/\/escuelanauticasalinas.com\/en\/wp-json\/wp\/v2\/product_brand?post=7536"},{"taxonomy":"product_cat","embeddable":true,"href":"https:\/\/escuelanauticasalinas.com\/en\/wp-json\/wp\/v2\/product_cat?post=7536"},{"taxonomy":"product_tag","embeddable":true,"href":"https:\/\/escuelanauticasalinas.com\/en\/wp-json\/wp\/v2\/product_tag?post=7536"}],"curies":[{"name":"wp","href":"https:\/\/api.w.org\/{rel}","templated":true}]}}