{"id":7557,"date":"2024-04-12T06:37:23","date_gmt":"2024-04-12T06:37:23","guid":{"rendered":"http:\/\/escuelanauticasalinas.com\/?post_type=product&#038;p=7557"},"modified":"2026-03-29T15:51:39","modified_gmt":"2026-03-29T15:51:39","slug":"resumen-teoria-per-patron-capitan-cartillas-nauticas-reglamento-iala-ripa","status":"publish","type":"product","link":"https:\/\/escuelanauticasalinas.com\/en\/product\/resumen-teoria-per-patron-capitan-cartillas-nauticas-reglamento-iala-ripa\/","title":{"rendered":"RESUMENES Y CARTILLAS N\u00c1UTICAS"},"content":{"rendered":"<p><strong>Cartillas resumen<\/strong> para estudio y para llevar a bordo:<\/p>\n<ol>\n<li style=\"list-style-type: none;\">\n<ol>\n<li>Consulta radio m\u00e9dica.<\/li>\n<li>Protocolos radio VHF.<\/li>\n<li>Sistema de balizamiento IALA.<\/li>\n<li>Reglamento internacional abordajes RIPA<\/li>\n<li>C\u00f3digo de se\u00f1ales.<\/li>\n<li>Escala Beaufort y Douglas.<\/li>\n<li>C\u00f3digo Interco<\/li>\n<\/ol>\n<\/li>\n<\/ol>\n<p>&nbsp;<\/p>","protected":false},"excerpt":{"rendered":"<p>Que no te falten estas ayudas en tu preparaci\u00f3n del examen ni a bordo contigo.<\/p>\n<p>En ella est\u00e1 condensada y accesible de una manera muy \u00e1gil la informaci\u00f3n mas relevante respecto a:<\/p>\n<ol>\n<li style=\"list-style-type: none;\">\n<ol>\n<li>Consulta radio m\u00e9dica.<\/li>\n<li>Protocolos radio VHF.<\/li>\n<li>Sistema de balizamiento IALA.<\/li>\n<li>Reglamento internacional para prevenir los abordajes RIPA<\/li>\n<li>C\u00f3digo de se\u00f1ales (obligatorio disponerlo en tu barco).<\/li>\n<li>Escala Beaufort y Douglas.<\/li>\n<li>C\u00f3digo Interco<\/li>\n<\/ol>\n<\/li>\n<\/ol>","protected":false},"featured_media":9796,"template":"","meta":{"_joinchat":[]},"product_brand":[],"product_cat":[38],"product_tag":[],"class_list":{"0":"post-7557","1":"product","2":"type-product","3":"status-publish","4":"has-post-thumbnail","6":"product_cat-materiales","7":"sales-flash-overlay","8":"woocommerce-text-align-left","9":"woocommerce-image-align-center","10":"do-quantity-buttons","12":"first","13":"instock","14":"taxable","15":"shipping-taxable","16":"purchasable","17":"product-type-simple"},"_links":{"self":[{"href":"https:\/\/escuelanauticasalinas.com\/en\/wp-json\/wp\/v2\/product\/7557","targetHints":{"allow":["GET"]}}],"collection":[{"href":"https:\/\/escuelanauticasalinas.com\/en\/wp-json\/wp\/v2\/product"}],"about":[{"href":"https:\/\/escuelanauticasalinas.com\/en\/wp-json\/wp\/v2\/types\/product"}],"version-history":[{"count":4,"href":"https:\/\/escuelanauticasalinas.com\/en\/wp-json\/wp\/v2\/product\/7557\/revisions"}],"predecessor-version":[{"id":9795,"href":"https:\/\/escuelanauticasalinas.com\/en\/wp-json\/wp\/v2\/product\/7557\/revisions\/9795"}],"wp:featuredmedia":[{"embeddable":true,"href":"https:\/\/escuelanauticasalinas.com\/en\/wp-json\/wp\/v2\/media\/9796"}],"wp:attachment":[{"href":"https:\/\/escuelanauticasalinas.com\/en\/wp-json\/wp\/v2\/media?parent=7557"}],"wp:term":[{"taxonomy":"product_brand","embeddable":true,"href":"https:\/\/escuelanauticasalinas.com\/en\/wp-json\/wp\/v2\/product_brand?post=7557"},{"taxonomy":"product_cat","embeddable":true,"href":"https:\/\/escuelanauticasalinas.com\/en\/wp-json\/wp\/v2\/product_cat?post=7557"},{"taxonomy":"product_tag","embeddable":true,"href":"https:\/\/escuelanauticasalinas.com\/en\/wp-json\/wp\/v2\/product_tag?post=7557"}],"curies":[{"name":"wp","href":"https:\/\/api.w.org\/{rel}","templated":true}]}}