{"id":7558,"date":"2024-04-12T06:38:05","date_gmt":"2024-04-12T06:38:05","guid":{"rendered":"http:\/\/escuelanauticasalinas.com\/?post_type=product&#038;p=7558"},"modified":"2025-12-25T21:57:45","modified_gmt":"2025-12-25T21:57:45","slug":"material-completo-per-cartas-compas-regla-transportador-nautico-cartillas-para-navegacion","status":"publish","type":"product","link":"https:\/\/escuelanauticasalinas.com\/en\/product\/material-completo-per-cartas-compas-regla-transportador-nautico-cartillas-para-navegacion\/","title":{"rendered":"MATERIAL COMPLETO PER (CARTAS, COMP\u00c1S, REGLA DE 40CM, TRANSPORTADOR N\u00c1UTICO, CARTILLAS PARA NAVEGACI\u00d3N)"},"content":{"rendered":"<p>Incluye:<\/p>\n<ol>\n<li><strong>Cartas n\u00e1uticas<\/strong> del Estrecho de Gibraltar, escala 1:200.000. 2 unidades.<\/li>\n<li><strong>Calculadora cient\u00edfica<\/strong> indicada para c\u00e1lculos n\u00e1uticos.<\/li>\n<li><strong>Comp\u00e1s<\/strong> para cartas n\u00e1uticas<\/li>\n<li><strong>Cartillas resumen<\/strong> para estudio y para llevar a bordo:\n<ol>\n<li>consulta radio m\u00e9dica.<\/li>\n<li>protocolos radio VHF.<\/li>\n<li>Sistema de balizamiento IALA.<\/li>\n<li>Reglamento internacional abordajes RIPA<\/li>\n<li>C\u00f3digo de se\u00f1ales.<\/li>\n<li>Escala Beaufort y Douglas.<\/li>\n<\/ol>\n<\/li>\n<li><strong>Regla de 40 cm<\/strong> apta para cartas n\u00e1uticas.<\/li>\n<li><strong>Transportador de \u00e1ngulos n\u00e1uticos<\/strong> para ejercicios de carta.<\/li>\n<\/ol>","protected":false},"excerpt":{"rendered":"<p>Consigue toda nuestra selecci\u00f3n de materiales para tener a bordo y para preparar tu examen.<\/p>","protected":false},"featured_media":0,"template":"","meta":{"_joinchat":[]},"product_brand":[],"product_cat":[38],"product_tag":[],"class_list":{"0":"post-7558","1":"product","2":"type-product","3":"status-publish","5":"product_cat-materiales","6":"sales-flash-overlay","7":"woocommerce-text-align-left","8":"woocommerce-image-align-center","9":"do-quantity-buttons","11":"first","12":"instock","13":"sale","14":"taxable","15":"shipping-taxable","16":"purchasable","17":"product-type-simple"},"_links":{"self":[{"href":"https:\/\/escuelanauticasalinas.com\/en\/wp-json\/wp\/v2\/product\/7558","targetHints":{"allow":["GET"]}}],"collection":[{"href":"https:\/\/escuelanauticasalinas.com\/en\/wp-json\/wp\/v2\/product"}],"about":[{"href":"https:\/\/escuelanauticasalinas.com\/en\/wp-json\/wp\/v2\/types\/product"}],"version-history":[{"count":2,"href":"https:\/\/escuelanauticasalinas.com\/en\/wp-json\/wp\/v2\/product\/7558\/revisions"}],"predecessor-version":[{"id":8766,"href":"https:\/\/escuelanauticasalinas.com\/en\/wp-json\/wp\/v2\/product\/7558\/revisions\/8766"}],"wp:attachment":[{"href":"https:\/\/escuelanauticasalinas.com\/en\/wp-json\/wp\/v2\/media?parent=7558"}],"wp:term":[{"taxonomy":"product_brand","embeddable":true,"href":"https:\/\/escuelanauticasalinas.com\/en\/wp-json\/wp\/v2\/product_brand?post=7558"},{"taxonomy":"product_cat","embeddable":true,"href":"https:\/\/escuelanauticasalinas.com\/en\/wp-json\/wp\/v2\/product_cat?post=7558"},{"taxonomy":"product_tag","embeddable":true,"href":"https:\/\/escuelanauticasalinas.com\/en\/wp-json\/wp\/v2\/product_tag?post=7558"}],"curies":[{"name":"wp","href":"https:\/\/api.w.org\/{rel}","templated":true}]}}