{"id":7559,"date":"2024-04-12T06:38:28","date_gmt":"2024-04-12T06:38:28","guid":{"rendered":"http:\/\/escuelanauticasalinas.com\/?post_type=product&#038;p=7559"},"modified":"2026-01-28T14:27:52","modified_gmt":"2026-01-28T14:27:52","slug":"curso-per-teorico-online-patron-embarcaciones-de-recreo","status":"publish","type":"product","link":"https:\/\/escuelanauticasalinas.com\/en\/product\/curso-per-teorico-online-patron-embarcaciones-de-recreo\/","title":{"rendered":"PER TE\u00d3RICO (patr\u00f3n de embarcaciones de recreo)"},"content":{"rendered":"<p>\u00bfTienes dudas? escr\u00edbenos<\/p>\n<p>&nbsp;<\/p>","protected":false},"excerpt":{"rendered":"<p><span style=\"font-weight: 400;\">Preparaci\u00f3n del examen te\u00f3rico oficial de tu comunidad aut\u00f3noma, incluye:<\/span><\/p>\n<ol>\n<li><strong>Cartas n\u00e1uticas<\/strong> del Estrecho de Gibraltar, 2 unidades.<\/li>\n<li><strong>Regla de 40 cm<\/strong> apta para cartas n\u00e1uticas.<\/li>\n<li><strong>Transportador de \u00e1ngulos n\u00e1uticos<\/strong> para ejercicios de carta.<\/li>\n<li>Acceso completo a nuestra <strong>plataforma con videos de toda la teor\u00eda<\/strong><\/li>\n<\/ol>","protected":false},"featured_media":7599,"template":"","meta":{"_joinchat":[]},"product_brand":[],"product_cat":[32],"product_tag":[],"class_list":{"0":"post-7559","1":"product","2":"type-product","3":"status-publish","4":"has-post-thumbnail","6":"product_cat-per","7":"sales-flash-overlay","8":"woocommerce-text-align-left","9":"woocommerce-image-align-center","10":"do-quantity-buttons","12":"first","13":"instock","14":"sale","15":"taxable","16":"shipping-taxable","17":"purchasable","18":"product-type-simple"},"_links":{"self":[{"href":"https:\/\/escuelanauticasalinas.com\/en\/wp-json\/wp\/v2\/product\/7559","targetHints":{"allow":["GET"]}}],"collection":[{"href":"https:\/\/escuelanauticasalinas.com\/en\/wp-json\/wp\/v2\/product"}],"about":[{"href":"https:\/\/escuelanauticasalinas.com\/en\/wp-json\/wp\/v2\/types\/product"}],"version-history":[{"count":4,"href":"https:\/\/escuelanauticasalinas.com\/en\/wp-json\/wp\/v2\/product\/7559\/revisions"}],"predecessor-version":[{"id":9527,"href":"https:\/\/escuelanauticasalinas.com\/en\/wp-json\/wp\/v2\/product\/7559\/revisions\/9527"}],"wp:featuredmedia":[{"embeddable":true,"href":"https:\/\/escuelanauticasalinas.com\/en\/wp-json\/wp\/v2\/media\/7599"}],"wp:attachment":[{"href":"https:\/\/escuelanauticasalinas.com\/en\/wp-json\/wp\/v2\/media?parent=7559"}],"wp:term":[{"taxonomy":"product_brand","embeddable":true,"href":"https:\/\/escuelanauticasalinas.com\/en\/wp-json\/wp\/v2\/product_brand?post=7559"},{"taxonomy":"product_cat","embeddable":true,"href":"https:\/\/escuelanauticasalinas.com\/en\/wp-json\/wp\/v2\/product_cat?post=7559"},{"taxonomy":"product_tag","embeddable":true,"href":"https:\/\/escuelanauticasalinas.com\/en\/wp-json\/wp\/v2\/product_tag?post=7559"}],"curies":[{"name":"wp","href":"https:\/\/api.w.org\/{rel}","templated":true}]}}