{"id":7664,"date":"2024-04-25T09:15:01","date_gmt":"2024-04-25T09:15:01","guid":{"rendered":"http:\/\/escuelanauticasalinas.com\/?post_type=product&#038;p=7664"},"modified":"2026-01-28T14:27:49","modified_gmt":"2026-01-28T14:27:49","slug":"pnb-teorico-patron-navegacion-basica","status":"publish","type":"product","link":"https:\/\/escuelanauticasalinas.com\/en\/product\/pnb-teorico-patron-navegacion-basica\/","title":{"rendered":"PNB TE\u00d3RICO (patr\u00f3n de navegaci\u00f3n b\u00e1sica)"},"content":{"rendered":"<p>\u00bfTienes dudas? escr\u00edbenos<\/p>\n<p>&nbsp;<\/p>","protected":false},"excerpt":{"rendered":"<p><span style=\"font-weight: 400;\">Preparaci\u00f3n del examen te\u00f3rico oficial de tu comunidad aut\u00f3noma, incluye:<\/span><\/p>\n<p>Acceso completo a nuestra <strong>plataforma de estudio.<\/strong><\/p>","protected":false},"featured_media":7599,"template":"","meta":{"_joinchat":[]},"product_brand":[],"product_cat":[41],"product_tag":[],"class_list":{"0":"post-7664","1":"product","2":"type-product","3":"status-publish","4":"has-post-thumbnail","6":"product_cat-pnb","7":"sales-flash-overlay","8":"woocommerce-text-align-left","9":"woocommerce-image-align-center","10":"do-quantity-buttons","12":"first","13":"instock","14":"sale","15":"taxable","16":"shipping-taxable","17":"purchasable","18":"product-type-simple"},"_links":{"self":[{"href":"https:\/\/escuelanauticasalinas.com\/en\/wp-json\/wp\/v2\/product\/7664","targetHints":{"allow":["GET"]}}],"collection":[{"href":"https:\/\/escuelanauticasalinas.com\/en\/wp-json\/wp\/v2\/product"}],"about":[{"href":"https:\/\/escuelanauticasalinas.com\/en\/wp-json\/wp\/v2\/types\/product"}],"version-history":[{"count":3,"href":"https:\/\/escuelanauticasalinas.com\/en\/wp-json\/wp\/v2\/product\/7664\/revisions"}],"predecessor-version":[{"id":9526,"href":"https:\/\/escuelanauticasalinas.com\/en\/wp-json\/wp\/v2\/product\/7664\/revisions\/9526"}],"wp:featuredmedia":[{"embeddable":true,"href":"https:\/\/escuelanauticasalinas.com\/en\/wp-json\/wp\/v2\/media\/7599"}],"wp:attachment":[{"href":"https:\/\/escuelanauticasalinas.com\/en\/wp-json\/wp\/v2\/media?parent=7664"}],"wp:term":[{"taxonomy":"product_brand","embeddable":true,"href":"https:\/\/escuelanauticasalinas.com\/en\/wp-json\/wp\/v2\/product_brand?post=7664"},{"taxonomy":"product_cat","embeddable":true,"href":"https:\/\/escuelanauticasalinas.com\/en\/wp-json\/wp\/v2\/product_cat?post=7664"},{"taxonomy":"product_tag","embeddable":true,"href":"https:\/\/escuelanauticasalinas.com\/en\/wp-json\/wp\/v2\/product_tag?post=7664"}],"curies":[{"name":"wp","href":"https:\/\/api.w.org\/{rel}","templated":true}]}}