{"id":7697,"date":"2024-04-25T10:30:39","date_gmt":"2024-04-25T10:30:39","guid":{"rendered":"http:\/\/escuelanauticasalinas.com\/?post_type=product&#038;p=7697"},"modified":"2026-01-18T19:31:40","modified_gmt":"2026-01-18T19:31:40","slug":"licencia-de-navegacion-titulin-ln","status":"publish","type":"product","link":"https:\/\/escuelanauticasalinas.com\/en\/product\/licencia-de-navegacion-titulin-ln\/","title":{"rendered":"Licencia de Navegaci\u00f3n -LN"},"content":{"rendered":"<p><span style=\"font-weight: 400;\">Es la titulaci\u00f3n n\u00e1utica m\u00e1s r\u00e1pida de obtener, 4 horas de navegaci\u00f3n y 2 horas de teor\u00eda. Adem\u00e1s, podr\u00e1s manejar motos n\u00e1uticas sin l\u00edmite de potencia. Est\u00e1s a tan solo 6 horas de conseguir tu licencia de navegaci\u00f3n.\u00a0<\/span><\/p>\n<p><i><span style=\"font-weight: 400;\">Atribuciones:<\/span><\/i><\/p>\n<p><span style=\"font-weight: 400;\">-Manejar embarcaciones de motor de hasta 6 metros de eslora y motos n\u00e1uticas.<\/span><\/p>\n<p><span style=\"font-weight: 400;\">-Navegar hasta 2 millas de un puerto o abrigo<\/span><\/p>\n<p><span style=\"font-weight: 400;\">-Navegaci\u00f3n diurna<\/span><\/p>\n<p><span style=\"font-weight: 400;\">-Sin l\u00edmite de potencia de motor<\/span><\/p>\n<p><b>Requisitos:\u00a0<\/b><\/p>\n<ol>\n<li style=\"font-weight: 400;\" aria-level=\"1\"><span style=\"font-weight: 400;\">Ser mayor de edad o 16 a\u00f1os cumplidos con autorizaci\u00f3n de tutores legales.<\/span><\/li>\n<li style=\"font-weight: 400;\" aria-level=\"1\"><span style=\"font-weight: 400;\">Obtener un certificado m\u00e9dico para el gobierno de embarcaciones de recreo.<\/span><\/li>\n<\/ol>","protected":false},"excerpt":{"rendered":"<p><strong><span style=\"color: #339966;\">\u00a1SIN EXAMEN!<\/span><\/strong><\/p>\n<p>\u00bfDispones de 6h? \u00a1Obt\u00e9n tu licencia con nosotros y podr\u00e1s patronear embarcaciones y motos n\u00e1uticas de m\u00e1xima potencia el resto de tu vida!<\/p>\n<p>&nbsp;<\/p>","protected":false},"featured_media":8832,"template":"","meta":{"_joinchat":[]},"product_brand":[],"product_cat":[18],"product_tag":[],"class_list":{"0":"post-7697","1":"product","2":"type-product","3":"status-publish","4":"has-post-thumbnail","6":"product_cat-sin-categorizar","7":"sales-flash-overlay","8":"woocommerce-text-align-left","9":"woocommerce-image-align-center","10":"do-quantity-buttons","12":"first","13":"instock","14":"taxable","15":"shipping-taxable","16":"purchasable","17":"product-type-simple"},"_links":{"self":[{"href":"https:\/\/escuelanauticasalinas.com\/en\/wp-json\/wp\/v2\/product\/7697","targetHints":{"allow":["GET"]}}],"collection":[{"href":"https:\/\/escuelanauticasalinas.com\/en\/wp-json\/wp\/v2\/product"}],"about":[{"href":"https:\/\/escuelanauticasalinas.com\/en\/wp-json\/wp\/v2\/types\/product"}],"version-history":[{"count":3,"href":"https:\/\/escuelanauticasalinas.com\/en\/wp-json\/wp\/v2\/product\/7697\/revisions"}],"predecessor-version":[{"id":9328,"href":"https:\/\/escuelanauticasalinas.com\/en\/wp-json\/wp\/v2\/product\/7697\/revisions\/9328"}],"wp:featuredmedia":[{"embeddable":true,"href":"https:\/\/escuelanauticasalinas.com\/en\/wp-json\/wp\/v2\/media\/8832"}],"wp:attachment":[{"href":"https:\/\/escuelanauticasalinas.com\/en\/wp-json\/wp\/v2\/media?parent=7697"}],"wp:term":[{"taxonomy":"product_brand","embeddable":true,"href":"https:\/\/escuelanauticasalinas.com\/en\/wp-json\/wp\/v2\/product_brand?post=7697"},{"taxonomy":"product_cat","embeddable":true,"href":"https:\/\/escuelanauticasalinas.com\/en\/wp-json\/wp\/v2\/product_cat?post=7697"},{"taxonomy":"product_tag","embeddable":true,"href":"https:\/\/escuelanauticasalinas.com\/en\/wp-json\/wp\/v2\/product_tag?post=7697"}],"curies":[{"name":"wp","href":"https:\/\/api.w.org\/{rel}","templated":true}]}}