{"id":7761,"date":"2024-05-15T16:56:29","date_gmt":"2024-05-15T16:56:29","guid":{"rendered":"http:\/\/escuelanauticasalinas.com\/?post_type=product&#038;p=7761"},"modified":"2025-03-20T12:45:45","modified_gmt":"2025-03-20T12:45:45","slug":"pper-patron-profesional-embarcaciones-recreo","status":"publish","type":"product","link":"https:\/\/escuelanauticasalinas.com\/en\/product\/pper-patron-profesional-embarcaciones-recreo\/","title":{"rendered":"PPER (Patr\u00f3n profesional de embarcaciones de recreo)"},"content":{"rendered":"<h6>\u00bfQuieres trabajar como patr\u00f3n profesional? El\u00a0<strong>PPER<\/strong>\u00a0te habilita para navegar a una distancia de\u00a0<strong>60 o 150 millas<\/strong> n\u00e1uticas, llevar hasta <strong>12 pasajeros<\/strong>\u00a0a bordo, m\u00e1s la tripulaci\u00f3n, en embarcaciones de hasta 24 m de eslora, de bandera espa\u00f1ola, matriculadas en lista 6\u00aa o 7\u00aa.<\/h6>\n<h6><\/h6>\n<h6><strong>Requisitos para ser PPER<\/strong><\/h6>\n<h6>Los requisitos para obtener el PPER de categor\u00eda 1 &#8211; PPER A y navegar hasta las 60 millas con 12 pasajeros son:<\/h6>\n<ul>\n<li>\n<h6>Ser Capit\u00e1n de Yate.<\/h6>\n<\/li>\n<li>\n<h6>3 certificados de especialidad STCW.<\/h6>\n<h6>(Formaci\u00f3n b\u00e1sica, Operador restringido y Formaci\u00f3n sanitaria inicial).<\/h6>\n<\/li>\n<li>\n<h6>Aprobar el examen de la DGMM.<\/h6>\n<\/li>\n<li>\n<h6>Declaraci\u00f3n responsable de navegaci\u00f3n.<\/h6>\n<\/li>\n<li>\n<h6>Reconocimiento m\u00e9dico del ISM.<\/h6>\n<\/li>\n<\/ul>\n<h6><\/h6>\n<h6>Los requisitos para obtener PPER de categor\u00eda 2 &#8211;\u00a0<strong>PPER B<\/strong>\u00a0y navegar hasta las\u00a0<strong>150 millas con 12 pasajeros<\/strong>\u00a0son:<\/h6>\n<ul>\n<li>\n<h6>Cumplir con los requisitos del PPER A.<\/h6>\n<\/li>\n<li>\n<h6>Certificado de Operador general del SMSSM.<\/h6>\n<\/li>\n<li>\n<h6>Acreditar un per\u00edodo de embarque no inferior a 2 a\u00f1os.<\/h6>\n<\/li>\n<\/ul>\n<p>&nbsp;<\/p>\n<p>\u00bfTienes dudas? escr\u00edbenos<\/p>\n<p>[form id=&#8221;3180&#8243;]<\/p>","protected":false},"excerpt":{"rendered":"<p><strong>\u00bfQu\u00e9 contiene este curso?<\/strong><\/p>\n<p>&#8211; Teor\u00eda Online<\/p>\n<p>&#8211; Esquemas &#8211; res\u00famenes<\/p>\n<p>&#8211; Resoluci\u00f3n de dudas mediante tutor\u00edas con profesor<\/p>\n<p>&#8211; Material did\u00e1ctico<\/p>\n<p>&#8211; Tests<\/p>","protected":false},"featured_media":0,"template":"","meta":{"_joinchat":[]},"product_brand":[],"product_cat":[18],"product_tag":[],"class_list":{"0":"post-7761","1":"product","2":"type-product","3":"status-publish","5":"product_cat-sin-categorizar","6":"sales-flash-overlay","7":"woocommerce-text-align-left","8":"woocommerce-image-align-center","9":"do-quantity-buttons","11":"first","12":"instock","13":"sale","14":"taxable","15":"shipping-taxable","16":"purchasable","17":"product-type-simple"},"_links":{"self":[{"href":"https:\/\/escuelanauticasalinas.com\/en\/wp-json\/wp\/v2\/product\/7761","targetHints":{"allow":["GET"]}}],"collection":[{"href":"https:\/\/escuelanauticasalinas.com\/en\/wp-json\/wp\/v2\/product"}],"about":[{"href":"https:\/\/escuelanauticasalinas.com\/en\/wp-json\/wp\/v2\/types\/product"}],"version-history":[{"count":0,"href":"https:\/\/escuelanauticasalinas.com\/en\/wp-json\/wp\/v2\/product\/7761\/revisions"}],"wp:attachment":[{"href":"https:\/\/escuelanauticasalinas.com\/en\/wp-json\/wp\/v2\/media?parent=7761"}],"wp:term":[{"taxonomy":"product_brand","embeddable":true,"href":"https:\/\/escuelanauticasalinas.com\/en\/wp-json\/wp\/v2\/product_brand?post=7761"},{"taxonomy":"product_cat","embeddable":true,"href":"https:\/\/escuelanauticasalinas.com\/en\/wp-json\/wp\/v2\/product_cat?post=7761"},{"taxonomy":"product_tag","embeddable":true,"href":"https:\/\/escuelanauticasalinas.com\/en\/wp-json\/wp\/v2\/product_tag?post=7761"}],"curies":[{"name":"wp","href":"https:\/\/api.w.org\/{rel}","templated":true}]}}