{"id":7772,"date":"2024-05-20T10:00:24","date_gmt":"2024-05-20T10:00:24","guid":{"rendered":"http:\/\/escuelanauticasalinas.com\/?post_type=product&#038;p=7772"},"modified":"2025-03-19T08:58:19","modified_gmt":"2025-03-19T08:58:19","slug":"carta-nautica","status":"publish","type":"product","link":"https:\/\/escuelanauticasalinas.com\/en\/product\/carta-nautica\/","title":{"rendered":"Carta N\u00e1utica"},"content":{"rendered":"<p>Carta n\u00e1utica oficial del Estrecho de Gibraltar para preparar el ex\u00e1men, escala 1:200.000, paralelo de los 36\u00baN<\/p>","protected":false},"excerpt":{"rendered":"<p>Carta n\u00e1utica que se utilizar\u00e1 en las preguntas del examen, para poder preparar los ejercicios de antemano.<\/p>","protected":false},"featured_media":8370,"template":"","meta":{"_joinchat":[]},"product_brand":[],"product_cat":[38],"product_tag":[],"class_list":{"0":"post-7772","1":"product","2":"type-product","3":"status-publish","4":"has-post-thumbnail","6":"product_cat-materiales","7":"sales-flash-overlay","8":"woocommerce-text-align-left","9":"woocommerce-image-align-center","10":"do-quantity-buttons","12":"first","13":"instock","14":"taxable","15":"shipping-taxable","16":"purchasable","17":"product-type-simple"},"_links":{"self":[{"href":"https:\/\/escuelanauticasalinas.com\/en\/wp-json\/wp\/v2\/product\/7772","targetHints":{"allow":["GET"]}}],"collection":[{"href":"https:\/\/escuelanauticasalinas.com\/en\/wp-json\/wp\/v2\/product"}],"about":[{"href":"https:\/\/escuelanauticasalinas.com\/en\/wp-json\/wp\/v2\/types\/product"}],"version-history":[{"count":1,"href":"https:\/\/escuelanauticasalinas.com\/en\/wp-json\/wp\/v2\/product\/7772\/revisions"}],"predecessor-version":[{"id":7979,"href":"https:\/\/escuelanauticasalinas.com\/en\/wp-json\/wp\/v2\/product\/7772\/revisions\/7979"}],"wp:featuredmedia":[{"embeddable":true,"href":"https:\/\/escuelanauticasalinas.com\/en\/wp-json\/wp\/v2\/media\/8370"}],"wp:attachment":[{"href":"https:\/\/escuelanauticasalinas.com\/en\/wp-json\/wp\/v2\/media?parent=7772"}],"wp:term":[{"taxonomy":"product_brand","embeddable":true,"href":"https:\/\/escuelanauticasalinas.com\/en\/wp-json\/wp\/v2\/product_brand?post=7772"},{"taxonomy":"product_cat","embeddable":true,"href":"https:\/\/escuelanauticasalinas.com\/en\/wp-json\/wp\/v2\/product_cat?post=7772"},{"taxonomy":"product_tag","embeddable":true,"href":"https:\/\/escuelanauticasalinas.com\/en\/wp-json\/wp\/v2\/product_tag?post=7772"}],"curies":[{"name":"wp","href":"https:\/\/api.w.org\/{rel}","templated":true}]}}