{"id":7942,"date":"2024-10-06T17:54:37","date_gmt":"2024-10-06T17:54:37","guid":{"rendered":"https:\/\/escuelanauticasalinas.com\/?post_type=product&#038;p=7942"},"modified":"2026-01-29T10:53:46","modified_gmt":"2026-01-29T10:53:46","slug":"curso-perfeccionamiento-vela","status":"publish","type":"product","link":"https:\/\/escuelanauticasalinas.com\/en\/product\/curso-perfeccionamiento-vela\/","title":{"rendered":"Perfeccionamiento navegaci\u00f3n a vela"},"content":{"rendered":"<p>Este curso permitir\u00e1 que el alumno gobierne por s\u00ed mismo una embarcaci\u00f3n a vela, a trav\u00e9s de una jornada de 9 horas, adquiriendo destrezas para una navegaci\u00f3n segura estando presente en el barco en todo momento un profesor como apoyo.<\/p>\n<p>\u00bfTienes dudas? escr\u00edbenos<\/p>\n<p>&nbsp;<\/p>","protected":false},"excerpt":{"rendered":"<p>Are you already a good skipper and interested in learning more technical skills? Perfect your acquired skills with us!<\/p>","protected":false},"featured_media":8926,"template":"","meta":{"_joinchat":[]},"product_brand":[],"product_cat":[18],"product_tag":[],"class_list":{"0":"post-7942","1":"product","2":"type-product","3":"status-publish","4":"has-post-thumbnail","6":"product_cat-sin-categorizar","7":"sales-flash-overlay","8":"woocommerce-text-align-left","9":"woocommerce-image-align-center","10":"do-quantity-buttons","12":"first","13":"instock","14":"taxable","15":"shipping-taxable","16":"purchasable","17":"product-type-simple"},"_links":{"self":[{"href":"https:\/\/escuelanauticasalinas.com\/en\/wp-json\/wp\/v2\/product\/7942","targetHints":{"allow":["GET"]}}],"collection":[{"href":"https:\/\/escuelanauticasalinas.com\/en\/wp-json\/wp\/v2\/product"}],"about":[{"href":"https:\/\/escuelanauticasalinas.com\/en\/wp-json\/wp\/v2\/types\/product"}],"version-history":[{"count":5,"href":"https:\/\/escuelanauticasalinas.com\/en\/wp-json\/wp\/v2\/product\/7942\/revisions"}],"predecessor-version":[{"id":9554,"href":"https:\/\/escuelanauticasalinas.com\/en\/wp-json\/wp\/v2\/product\/7942\/revisions\/9554"}],"wp:featuredmedia":[{"embeddable":true,"href":"https:\/\/escuelanauticasalinas.com\/en\/wp-json\/wp\/v2\/media\/8926"}],"wp:attachment":[{"href":"https:\/\/escuelanauticasalinas.com\/en\/wp-json\/wp\/v2\/media?parent=7942"}],"wp:term":[{"taxonomy":"product_brand","embeddable":true,"href":"https:\/\/escuelanauticasalinas.com\/en\/wp-json\/wp\/v2\/product_brand?post=7942"},{"taxonomy":"product_cat","embeddable":true,"href":"https:\/\/escuelanauticasalinas.com\/en\/wp-json\/wp\/v2\/product_cat?post=7942"},{"taxonomy":"product_tag","embeddable":true,"href":"https:\/\/escuelanauticasalinas.com\/en\/wp-json\/wp\/v2\/product_tag?post=7942"}],"curies":[{"name":"wp","href":"https:\/\/api.w.org\/{rel}","templated":true}]}}