{"id":8247,"date":"2025-01-21T13:55:30","date_gmt":"2025-01-21T13:55:30","guid":{"rendered":"https:\/\/escuelanauticasalinas.com\/?post_type=product&#038;p=8247"},"modified":"2026-01-28T14:26:33","modified_gmt":"2026-01-28T14:26:33","slug":"practicas-patron-de-yate","status":"publish","type":"product","link":"https:\/\/escuelanauticasalinas.com\/en\/product\/practicas-patron-de-yate\/","title":{"rendered":"Patr\u00f3n de yate pr\u00e1cticas oficiales 48h"},"content":{"rendered":"","protected":false},"excerpt":{"rendered":"<p>Pr\u00e1cticas oficiales de navegaci\u00f3n a motor (48h)<\/p>","protected":false},"featured_media":8271,"template":"","meta":{"_joinchat":[]},"product_brand":[],"product_cat":[50],"product_tag":[],"class_list":{"0":"post-8247","1":"product","2":"type-product","3":"status-publish","4":"has-post-thumbnail","6":"product_cat-py","7":"sales-flash-overlay","8":"woocommerce-text-align-left","9":"woocommerce-image-align-center","10":"do-quantity-buttons","12":"first","13":"instock","14":"taxable","15":"shipping-taxable","16":"purchasable","17":"product-type-simple"},"_links":{"self":[{"href":"https:\/\/escuelanauticasalinas.com\/en\/wp-json\/wp\/v2\/product\/8247","targetHints":{"allow":["GET"]}}],"collection":[{"href":"https:\/\/escuelanauticasalinas.com\/en\/wp-json\/wp\/v2\/product"}],"about":[{"href":"https:\/\/escuelanauticasalinas.com\/en\/wp-json\/wp\/v2\/types\/product"}],"version-history":[{"count":2,"href":"https:\/\/escuelanauticasalinas.com\/en\/wp-json\/wp\/v2\/product\/8247\/revisions"}],"predecessor-version":[{"id":9522,"href":"https:\/\/escuelanauticasalinas.com\/en\/wp-json\/wp\/v2\/product\/8247\/revisions\/9522"}],"wp:featuredmedia":[{"embeddable":true,"href":"https:\/\/escuelanauticasalinas.com\/en\/wp-json\/wp\/v2\/media\/8271"}],"wp:attachment":[{"href":"https:\/\/escuelanauticasalinas.com\/en\/wp-json\/wp\/v2\/media?parent=8247"}],"wp:term":[{"taxonomy":"product_brand","embeddable":true,"href":"https:\/\/escuelanauticasalinas.com\/en\/wp-json\/wp\/v2\/product_brand?post=8247"},{"taxonomy":"product_cat","embeddable":true,"href":"https:\/\/escuelanauticasalinas.com\/en\/wp-json\/wp\/v2\/product_cat?post=8247"},{"taxonomy":"product_tag","embeddable":true,"href":"https:\/\/escuelanauticasalinas.com\/en\/wp-json\/wp\/v2\/product_tag?post=8247"}],"curies":[{"name":"wp","href":"https:\/\/api.w.org\/{rel}","templated":true}]}}