{"id":8248,"date":"2025-01-21T13:56:29","date_gmt":"2025-01-21T13:56:29","guid":{"rendered":"https:\/\/escuelanauticasalinas.com\/?post_type=product&#038;p=8248"},"modified":"2026-01-28T14:26:29","modified_gmt":"2026-01-28T14:26:29","slug":"patron-de-yate-teorico","status":"publish","type":"product","link":"https:\/\/escuelanauticasalinas.com\/en\/product\/patron-de-yate-teorico\/","title":{"rendered":"Patr\u00f3n de yate te\u00f3rico"},"content":{"rendered":"","protected":false},"excerpt":{"rendered":"<p>Curso 100% online, para hacerlo a tu ritmo desde casa.<\/p>\n<p><strong>Atribuciones:<\/strong><\/p>\n<p>-Gobernar embarcaciones de hasta 24 metros de eslora, sin l\u00edmite de potencia de motor.<\/p>\n<p>-Navegar hasta 150 millas de la costa<\/p>\n<p>-Navegaci\u00f3n diurna y nocturna<\/p>\n<p>&nbsp;<\/p>\n<p><strong>Requisitos para obtener la titulaci\u00f3n PY:\u00a0<\/strong><\/p>\n<ul>\n<li>Mayor de edad, 18 a\u00f1os cumplidos en el momento de aprobar el examen te\u00f3rico<\/li>\n<li>Certificado M\u00e9dico donde se acredite que re\u00fane las condiciones psicof\u00edsicas para el gobierno de embarcaciones de recreo, seg\u00fan Real Decreto 875\/2014 del 10 de octubre.<\/li>\n<li>Estar en posesi\u00f3n de titulaci\u00f3n PER completa previamente<\/li>\n<li>Aprobar el examen te\u00f3rico de tu comunidad aut\u00f3noma<\/li>\n<li>Realizar\u00a0<strong>pr\u00e1cticas oficiales PY<\/strong>\u00a0de 48 horas<\/li>\n<\/ul>","protected":false},"featured_media":7599,"template":"","meta":{"_joinchat":[]},"product_brand":[],"product_cat":[50],"product_tag":[],"class_list":{"0":"post-8248","1":"product","2":"type-product","3":"status-publish","4":"has-post-thumbnail","6":"product_cat-py","7":"sales-flash-overlay","8":"woocommerce-text-align-left","9":"woocommerce-image-align-center","10":"do-quantity-buttons","12":"first","13":"instock","14":"taxable","15":"shipping-taxable","16":"purchasable","17":"product-type-simple"},"_links":{"self":[{"href":"https:\/\/escuelanauticasalinas.com\/en\/wp-json\/wp\/v2\/product\/8248","targetHints":{"allow":["GET"]}}],"collection":[{"href":"https:\/\/escuelanauticasalinas.com\/en\/wp-json\/wp\/v2\/product"}],"about":[{"href":"https:\/\/escuelanauticasalinas.com\/en\/wp-json\/wp\/v2\/types\/product"}],"version-history":[{"count":1,"href":"https:\/\/escuelanauticasalinas.com\/en\/wp-json\/wp\/v2\/product\/8248\/revisions"}],"predecessor-version":[{"id":9521,"href":"https:\/\/escuelanauticasalinas.com\/en\/wp-json\/wp\/v2\/product\/8248\/revisions\/9521"}],"wp:featuredmedia":[{"embeddable":true,"href":"https:\/\/escuelanauticasalinas.com\/en\/wp-json\/wp\/v2\/media\/7599"}],"wp:attachment":[{"href":"https:\/\/escuelanauticasalinas.com\/en\/wp-json\/wp\/v2\/media?parent=8248"}],"wp:term":[{"taxonomy":"product_brand","embeddable":true,"href":"https:\/\/escuelanauticasalinas.com\/en\/wp-json\/wp\/v2\/product_brand?post=8248"},{"taxonomy":"product_cat","embeddable":true,"href":"https:\/\/escuelanauticasalinas.com\/en\/wp-json\/wp\/v2\/product_cat?post=8248"},{"taxonomy":"product_tag","embeddable":true,"href":"https:\/\/escuelanauticasalinas.com\/en\/wp-json\/wp\/v2\/product_tag?post=8248"}],"curies":[{"name":"wp","href":"https:\/\/api.w.org\/{rel}","templated":true}]}}