{"id":8962,"date":"2026-01-07T10:38:30","date_gmt":"2026-01-07T10:38:30","guid":{"rendered":"https:\/\/escuelanauticasalinas.com\/?post_type=product&#038;p=8962"},"modified":"2026-01-11T12:23:19","modified_gmt":"2026-01-11T12:23:19","slug":"curso-de-planificacion-de-travesia-y-derrota","status":"publish","type":"product","link":"https:\/\/escuelanauticasalinas.com\/en\/product\/curso-de-planificacion-de-travesia-y-derrota\/","title":{"rendered":"Curso te\u00f3rico de planificaci\u00f3n de traves\u00eda y derrota"},"content":{"rendered":"<div data-elementor-type=\"product-post\" data-elementor-id=\"8962\" class=\"elementor elementor-8962\" data-elementor-post-type=\"product\">\n\t\t\t\t<div class=\"elementor-element elementor-element-1e2b2fb8 e-con-full e-flex e-con e-parent\" data-id=\"1e2b2fb8\" data-element_type=\"container\" data-e-type=\"container\">\n\t\t\t\t<div class=\"elementor-element elementor-element-2ed68c7c elementor-widget elementor-widget-text-editor\" data-id=\"2ed68c7c\" data-element_type=\"widget\" data-e-type=\"widget\" data-widget_type=\"text-editor.default\">\n\t\t\t\t<div class=\"elementor-widget-container\">\n\t\t\t\t\t\t\t\t\t<p data-start=\"386\" data-end=\"436\"><strong data-start=\"386\" data-end=\"436\">Navega con criterio. Antic\u00edpate. Decide mejor.<\/strong><\/p>\r\n<p data-start=\"438\" data-end=\"575\">Planificar bien una traves\u00eda es lo que marca la diferencia entre <strong data-start=\"503\" data-end=\"534\">simplemente salir a navegar<\/strong> y <strong data-start=\"537\" data-end=\"574\">navegar con seguridad y confianza<\/strong>.<\/p>\r\n<p data-start=\"577\" data-end=\"755\">En este curso aprender\u00e1s a <strong data-start=\"604\" data-end=\"630\">pensar como un capit\u00e1n<\/strong>, a anticiparte a lo que va a pasar antes de soltar amarras y a tomar decisiones fundamentadas en cada fase de la navegaci\u00f3n.<\/p>\r\n<p data-start=\"757\" data-end=\"1091\">Te ense\u00f1aremos a <strong data-start=\"774\" data-end=\"829\">interpretar correctamente los partes meteorol\u00f3gicos<\/strong>, entender c\u00f3mo afectan al rumbo, al fondeo y a la seguridad de la embarcaci\u00f3n. Aprender\u00e1s a <strong data-start=\"922\" data-end=\"958\">elegir zonas de fondeo adecuadas<\/strong>, teniendo en cuenta viento, fondo, protecci\u00f3n y mareas, as\u00ed como a planificar <strong data-start=\"1037\" data-end=\"1071\">entradas y reservas en puertos<\/strong> de forma eficiente.<\/p>\r\n<p data-start=\"1093\" data-end=\"1323\">Trabajaremos la <strong data-start=\"1109\" data-end=\"1147\">planificaci\u00f3n real de una traves\u00eda<\/strong>:<br data-start=\"1148\" data-end=\"1151\" \/>cu\u00e1ntas millas navegar al d\u00eda, c\u00f3mo trazar un derrotero l\u00f3gico, qu\u00e9 material es imprescindible llevar a bordo y qu\u00e9 repuestos pueden marcar la diferencia cuando algo falla.<\/p>\r\n<p data-start=\"1325\" data-end=\"1551\">Adem\u00e1s, abordaremos situaciones reales de navegaci\u00f3n: <strong data-start=\"1379\" data-end=\"1417\">arreglos y reparaciones de fortuna<\/strong>, organizaci\u00f3n del material, y una correcta <strong data-start=\"1461\" data-end=\"1492\">planificaci\u00f3n de la gambuza<\/strong>, para que nada quede al azar cuando est\u00e1s lejos de puerto.<\/p>\r\n<p data-start=\"1553\" data-end=\"1645\">Este curso no va de teor\u00eda aislada.<br data-start=\"1588\" data-end=\"1591\" \/>Va de <strong data-start=\"1597\" data-end=\"1644\">experiencia, criterio y seguridad en el mar<\/strong>.<\/p>\t\t\t\t\t\t\t\t<\/div>\n\t\t\t\t<\/div>\n\t\t\t\t<\/div>\n\t\t\t\t<\/div>","protected":false},"excerpt":{"rendered":"<p>Este curso tiene una duraci\u00f3n de 2 horas<\/p>","protected":false},"featured_media":8969,"template":"","meta":{"_joinchat":[]},"product_brand":[],"product_cat":[18],"product_tag":[],"class_list":{"0":"post-8962","1":"product","2":"type-product","3":"status-publish","4":"has-post-thumbnail","6":"product_cat-sin-categorizar","7":"sales-flash-overlay","8":"woocommerce-text-align-left","9":"woocommerce-image-align-center","10":"do-quantity-buttons","12":"first","13":"instock","14":"virtual","15":"taxable","16":"purchasable","17":"product-type-simple"},"_links":{"self":[{"href":"https:\/\/escuelanauticasalinas.com\/en\/wp-json\/wp\/v2\/product\/8962","targetHints":{"allow":["GET"]}}],"collection":[{"href":"https:\/\/escuelanauticasalinas.com\/en\/wp-json\/wp\/v2\/product"}],"about":[{"href":"https:\/\/escuelanauticasalinas.com\/en\/wp-json\/wp\/v2\/types\/product"}],"version-history":[{"count":6,"href":"https:\/\/escuelanauticasalinas.com\/en\/wp-json\/wp\/v2\/product\/8962\/revisions"}],"predecessor-version":[{"id":9099,"href":"https:\/\/escuelanauticasalinas.com\/en\/wp-json\/wp\/v2\/product\/8962\/revisions\/9099"}],"wp:featuredmedia":[{"embeddable":true,"href":"https:\/\/escuelanauticasalinas.com\/en\/wp-json\/wp\/v2\/media\/8969"}],"wp:attachment":[{"href":"https:\/\/escuelanauticasalinas.com\/en\/wp-json\/wp\/v2\/media?parent=8962"}],"wp:term":[{"taxonomy":"product_brand","embeddable":true,"href":"https:\/\/escuelanauticasalinas.com\/en\/wp-json\/wp\/v2\/product_brand?post=8962"},{"taxonomy":"product_cat","embeddable":true,"href":"https:\/\/escuelanauticasalinas.com\/en\/wp-json\/wp\/v2\/product_cat?post=8962"},{"taxonomy":"product_tag","embeddable":true,"href":"https:\/\/escuelanauticasalinas.com\/en\/wp-json\/wp\/v2\/product_tag?post=8962"}],"curies":[{"name":"wp","href":"https:\/\/api.w.org\/{rel}","templated":true}]}}