{"id":8970,"date":"2026-01-07T11:22:14","date_gmt":"2026-01-07T11:22:14","guid":{"rendered":"https:\/\/escuelanauticasalinas.com\/?post_type=product&#038;p=8970"},"modified":"2026-01-11T12:21:03","modified_gmt":"2026-01-11T12:21:03","slug":"navegacion-con-mal-tiempo","status":"publish","type":"product","link":"https:\/\/escuelanauticasalinas.com\/en\/product\/navegacion-con-mal-tiempo\/","title":{"rendered":"Navegaci\u00f3n con mal tiempo"},"content":{"rendered":"<p data-start=\"261\" data-end=\"315\"><strong data-start=\"261\" data-end=\"315\">Cuando el mar se complica, el criterio lo es todo.<\/strong><\/p>\n<p data-start=\"317\" data-end=\"525\">Si ya tienes experiencia navegando y sabes que el mar no siempre perdona, este curso es para ti.<br data-start=\"413\" data-end=\"416\" \/>Aqu\u00ed no hablamos de evitar el mal tiempo, sino de <strong data-start=\"466\" data-end=\"524\">saber enfrentarlo con seguridad, t\u00e9cnica y cabeza fr\u00eda<\/strong>.<\/p>\n<p data-start=\"527\" data-end=\"868\">Aprender\u00e1s a <strong data-start=\"540\" data-end=\"566\">gestionar una tormenta<\/strong> desde el primer indicio: c\u00f3mo prepararte, cu\u00e1ndo actuar y qu\u00e9 decisiones tomar para proteger a la tripulaci\u00f3n y la embarcaci\u00f3n. Trabajaremos el <strong data-start=\"711\" data-end=\"736\">uso del ancla de capa<\/strong>, cu\u00e1ndo correr y cu\u00e1ndo <strong data-start=\"761\" data-end=\"783\">capear un temporal<\/strong>, y c\u00f3mo elegir <strong data-start=\"799\" data-end=\"830\">zonas de protecci\u00f3n seguras<\/strong> cuando las condiciones se deterioran.<\/p>\n<p data-start=\"870\" data-end=\"1148\">Profundizaremos en la <strong data-start=\"892\" data-end=\"934\">correcta manipulaci\u00f3n de la arboladura<\/strong> en condiciones duras, los <strong data-start=\"961\" data-end=\"1000\">cuidados t\u00e9cnicos de la embarcaci\u00f3n<\/strong> antes, durante y despu\u00e9s del mal tiempo, y la importancia de una <strong data-start=\"1066\" data-end=\"1098\">estiba correcta a son de mar<\/strong>, donde cada elemento tiene su lugar y su funci\u00f3n.<\/p>\n<p data-start=\"1150\" data-end=\"1353\">Tambi\u00e9n abordaremos uno de los escenarios m\u00e1s exigentes: la <strong data-start=\"1210\" data-end=\"1260\">navegaci\u00f3n por estima en situaci\u00f3n de blackout<\/strong>, cuando los sistemas fallan y solo cuentan el conocimiento, la preparaci\u00f3n y la experiencia.<\/p>\n<p data-start=\"1355\" data-end=\"1491\">Este curso no busca generar miedo.<br data-start=\"1389\" data-end=\"1392\" \/>Busca <strong data-start=\"1398\" data-end=\"1436\">prepararte para lo que puede pasar<\/strong> y ense\u00f1arte a navegar con decisi\u00f3n cuando otros dudan.<\/p>","protected":false},"excerpt":{"rendered":"<p>Este curso comprende tiene una duraci\u00f3n de 24h seguidas. Aprende a navegar con seguridad en condiciones adversas.<br data-start=\"1588\" data-end=\"1591\" \/>Gesti\u00f3n de tormentas, ancla de capa, correr y capear temporales, zonas de abrigo, arboladura, estiba a son de mar y navegaci\u00f3n por estima en blackout.<br data-start=\"1741\" data-end=\"1744\" \/>Un curso avanzado para navegantes que quieren estar preparados de verdad.<\/p>","protected":false},"featured_media":8971,"template":"","meta":{"_joinchat":[]},"product_brand":[],"product_cat":[18],"product_tag":[],"class_list":{"0":"post-8970","1":"product","2":"type-product","3":"status-publish","4":"has-post-thumbnail","6":"product_cat-sin-categorizar","7":"sales-flash-overlay","8":"woocommerce-text-align-left","9":"woocommerce-image-align-center","10":"do-quantity-buttons","12":"first","13":"instock","14":"taxable","15":"shipping-taxable","16":"purchasable","17":"product-type-simple"},"_links":{"self":[{"href":"https:\/\/escuelanauticasalinas.com\/en\/wp-json\/wp\/v2\/product\/8970","targetHints":{"allow":["GET"]}}],"collection":[{"href":"https:\/\/escuelanauticasalinas.com\/en\/wp-json\/wp\/v2\/product"}],"about":[{"href":"https:\/\/escuelanauticasalinas.com\/en\/wp-json\/wp\/v2\/types\/product"}],"version-history":[{"count":2,"href":"https:\/\/escuelanauticasalinas.com\/en\/wp-json\/wp\/v2\/product\/8970\/revisions"}],"predecessor-version":[{"id":9098,"href":"https:\/\/escuelanauticasalinas.com\/en\/wp-json\/wp\/v2\/product\/8970\/revisions\/9098"}],"wp:featuredmedia":[{"embeddable":true,"href":"https:\/\/escuelanauticasalinas.com\/en\/wp-json\/wp\/v2\/media\/8971"}],"wp:attachment":[{"href":"https:\/\/escuelanauticasalinas.com\/en\/wp-json\/wp\/v2\/media?parent=8970"}],"wp:term":[{"taxonomy":"product_brand","embeddable":true,"href":"https:\/\/escuelanauticasalinas.com\/en\/wp-json\/wp\/v2\/product_brand?post=8970"},{"taxonomy":"product_cat","embeddable":true,"href":"https:\/\/escuelanauticasalinas.com\/en\/wp-json\/wp\/v2\/product_cat?post=8970"},{"taxonomy":"product_tag","embeddable":true,"href":"https:\/\/escuelanauticasalinas.com\/en\/wp-json\/wp\/v2\/product_tag?post=8970"}],"curies":[{"name":"wp","href":"https:\/\/api.w.org\/{rel}","templated":true}]}}