{"id":8973,"date":"2026-01-07T11:34:00","date_gmt":"2026-01-07T11:34:00","guid":{"rendered":"https:\/\/escuelanauticasalinas.com\/?post_type=product&#038;p=8973"},"modified":"2026-01-11T12:19:02","modified_gmt":"2026-01-11T12:19:02","slug":"maniobras-de-atraque-y-fondeo","status":"publish","type":"product","link":"https:\/\/escuelanauticasalinas.com\/en\/product\/maniobras-de-atraque-y-fondeo\/","title":{"rendered":"Maniobras de atraque y fondeo"},"content":{"rendered":"<p data-start=\"292\" data-end=\"363\"><strong data-start=\"292\" data-end=\"363\">Controla la embarcaci\u00f3n. Domina el espacio. Maniobra con confianza.<\/strong><\/p>\n<p data-start=\"365\" data-end=\"691\">Las maniobras de atraque y fondeo son uno de los momentos m\u00e1s delicados de la navegaci\u00f3n. No por falta de teor\u00eda, sino porque <strong data-start=\"491\" data-end=\"548\">cada puerto, cada viento y cada espacio son distintos<\/strong>. Este curso est\u00e1 dise\u00f1ado para que aprendas a <strong data-start=\"595\" data-end=\"640\">maniobrar con criterio, calma y precisi\u00f3n<\/strong>, incluso en situaciones inc\u00f3modas o comprometidas.<\/p>\n<p data-start=\"693\" data-end=\"946\">Trabajaremos de forma pr\u00e1ctica los <strong data-start=\"728\" data-end=\"750\">atraques de puntas<\/strong>, el <strong data-start=\"755\" data-end=\"772\">abarloamiento<\/strong>, y las maniobras en <strong data-start=\"793\" data-end=\"814\">fingers y coderas<\/strong>, entendiendo c\u00f3mo act\u00faa la embarcaci\u00f3n, c\u00f3mo usar correctamente las amarras y c\u00f3mo anticiparte al efecto del viento y la corriente.<\/p>\n<p data-start=\"948\" data-end=\"1200\">En fondeo, aprender\u00e1s a ejecutar con seguridad <strong data-start=\"995\" data-end=\"1016\">fondeos a la gira<\/strong>, <strong data-start=\"1018\" data-end=\"1039\">a la mediterr\u00e1nea<\/strong>, <strong data-start=\"1041\" data-end=\"1061\">a barbas de gato<\/strong> y <strong data-start=\"1064\" data-end=\"1084\">en abarloamiento<\/strong>, as\u00ed como a <strong data-start=\"1097\" data-end=\"1143\">elegir correctamente el tenedero y el ancla<\/strong> seg\u00fan el fondo, el espacio disponible y las condiciones.<\/p>\n<p data-start=\"1202\" data-end=\"1429\">Tambi\u00e9n abordaremos situaciones reales que todo navegante acaba viviendo:<br data-start=\"1275\" data-end=\"1278\" \/><strong data-start=\"1278\" data-end=\"1312\">liberaci\u00f3n de anclas enrocadas<\/strong>, uso de <strong data-start=\"1321\" data-end=\"1332\">orinque<\/strong>, instalaci\u00f3n de <strong data-start=\"1349\" data-end=\"1375\">fusibles para el ancla<\/strong> y soluciones pr\u00e1cticas para evitar problemas mayores.<\/p>\n<p data-start=\"1431\" data-end=\"1579\">Este curso no va de hacer maniobras \u201cbonitas\u201d.<br data-start=\"1477\" data-end=\"1480\" \/>Va de <strong data-start=\"1486\" data-end=\"1527\">entrar, fondear y salir con seguridad<\/strong>, sabiendo exactamente qu\u00e9 est\u00e1s haciendo y por qu\u00e9.<\/p>","protected":false},"excerpt":{"rendered":"<p>Este curso se comprende de 16h repartidas en 2 jornadas de 8 horas. Aprende a maniobrar con seguridad en cualquier puerto y fondeo.\u00a0<br data-start=\"1683\" data-end=\"1686\" \/>Atraques de puntas, abarloado, fingers y coderas. Fondeos a la gira, mediterr\u00e1nea y en abarloamiento. Elecci\u00f3n de ancla, liberaci\u00f3n de enrocamientos y uso de orinque.<br data-start=\"1852\" data-end=\"1855\" \/>Un curso pr\u00e1ctico para ganar control y confianza a bordo.<\/p>","protected":false},"featured_media":8974,"template":"","meta":{"_joinchat":[]},"product_brand":[],"product_cat":[18],"product_tag":[],"class_list":{"0":"post-8973","1":"product","2":"type-product","3":"status-publish","4":"has-post-thumbnail","6":"product_cat-sin-categorizar","7":"sales-flash-overlay","8":"woocommerce-text-align-left","9":"woocommerce-image-align-center","10":"do-quantity-buttons","11":"wc-has-gallery","13":"first","14":"instock","15":"taxable","16":"shipping-taxable","17":"purchasable","18":"product-type-simple"},"_links":{"self":[{"href":"https:\/\/escuelanauticasalinas.com\/en\/wp-json\/wp\/v2\/product\/8973","targetHints":{"allow":["GET"]}}],"collection":[{"href":"https:\/\/escuelanauticasalinas.com\/en\/wp-json\/wp\/v2\/product"}],"about":[{"href":"https:\/\/escuelanauticasalinas.com\/en\/wp-json\/wp\/v2\/types\/product"}],"version-history":[{"count":4,"href":"https:\/\/escuelanauticasalinas.com\/en\/wp-json\/wp\/v2\/product\/8973\/revisions"}],"predecessor-version":[{"id":9097,"href":"https:\/\/escuelanauticasalinas.com\/en\/wp-json\/wp\/v2\/product\/8973\/revisions\/9097"}],"wp:featuredmedia":[{"embeddable":true,"href":"https:\/\/escuelanauticasalinas.com\/en\/wp-json\/wp\/v2\/media\/8974"}],"wp:attachment":[{"href":"https:\/\/escuelanauticasalinas.com\/en\/wp-json\/wp\/v2\/media?parent=8973"}],"wp:term":[{"taxonomy":"product_brand","embeddable":true,"href":"https:\/\/escuelanauticasalinas.com\/en\/wp-json\/wp\/v2\/product_brand?post=8973"},{"taxonomy":"product_cat","embeddable":true,"href":"https:\/\/escuelanauticasalinas.com\/en\/wp-json\/wp\/v2\/product_cat?post=8973"},{"taxonomy":"product_tag","embeddable":true,"href":"https:\/\/escuelanauticasalinas.com\/en\/wp-json\/wp\/v2\/product_tag?post=8973"}],"curies":[{"name":"wp","href":"https:\/\/api.w.org\/{rel}","templated":true}]}}