{"id":8989,"date":"2026-01-07T12:13:29","date_gmt":"2026-01-07T12:13:29","guid":{"rendered":"https:\/\/escuelanauticasalinas.com\/?post_type=product&#038;p=8989"},"modified":"2026-01-07T15:23:03","modified_gmt":"2026-01-07T15:23:03","slug":"certificacion-millas-nauticas-para-pper","status":"publish","type":"product","link":"https:\/\/escuelanauticasalinas.com\/en\/product\/certificacion-millas-nauticas-para-pper\/","title":{"rendered":"Certificaci\u00f3n millas n\u00e1uticas para PPER"},"content":{"rendered":"<p data-start=\"280\" data-end=\"336\"><strong data-start=\"280\" data-end=\"336\">Navega. Suma experiencia real. Avanza hacia el PPER.<\/strong><\/p>\n<p data-start=\"338\" data-end=\"533\">Convertir horas de mar en <strong data-start=\"364\" data-end=\"387\">millas certificadas<\/strong> es uno de los pasos clave para obtener el t\u00edtulo de <strong data-start=\"440\" data-end=\"496\">Patr\u00f3n Profesional de Embarcaciones de Recreo (PPER)<\/strong>. Y hacerlo bien marca la diferencia.<\/p>\n<p data-start=\"535\" data-end=\"771\">Con este programa te incorporas a una <strong data-start=\"573\" data-end=\"597\">lista de tripulaci\u00f3n<\/strong> que te permite ocupar plazas a bordo en navegaciones reales, formando parte activa de la tripulaci\u00f3n y <strong data-start=\"701\" data-end=\"745\">acumulando millas n\u00e1uticas certificables<\/strong> como horas de navegaci\u00f3n.<\/p>\n<p data-start=\"773\" data-end=\"1054\">No se trata de \u201csalir a pasear\u201d.<br data-start=\"805\" data-end=\"808\" \/>Se trata de <strong data-start=\"820\" data-end=\"831\">navegar<\/strong>, participar, observar, aprender y ganar experiencia en situaciones reales de mar, convivencia a bordo y planificaci\u00f3n de traves\u00edas. Cada salida suma conocimiento, criterio y millas que te acercan a tu objetivo profesional.<\/p>\n<p data-start=\"1056\" data-end=\"1286\">Este sistema te permite <strong data-start=\"1080\" data-end=\"1122\">aprovechar oportunidades de navegaci\u00f3n<\/strong>, adaptarte a diferentes embarcaciones y patrones, y avanzar de forma constante en el camino hacia el PPER, sin depender de una \u00fanica traves\u00eda o calendario cerrado.<\/p>\n<p data-start=\"1288\" data-end=\"1430\">Si tu objetivo es <strong data-start=\"1306\" data-end=\"1327\">profesionalizarte<\/strong>, acumular horas reales y construir experiencia s\u00f3lida en el mar, este programa es tu punto de entrada.<\/p>","protected":false},"excerpt":{"rendered":"<p>\u00danete a nuestra lista de tripulaci\u00f3n y navega para certificar millas n\u00e1uticas v\u00e1lidas para el PPER.<br data-start=\"1580\" data-end=\"1583\" \/>Navegaciones reales, experiencia pr\u00e1ctica y horas de mar que cuentan para tu titulaci\u00f3n profesional.<\/p>","protected":false},"featured_media":8744,"template":"","meta":{"_joinchat":[]},"product_brand":[],"product_cat":[18],"product_tag":[],"class_list":{"0":"post-8989","1":"product","2":"type-product","3":"status-publish","4":"has-post-thumbnail","6":"product_cat-sin-categorizar","7":"sales-flash-overlay","8":"woocommerce-text-align-left","9":"woocommerce-image-align-center","10":"do-quantity-buttons","12":"first","13":"instock","14":"taxable","15":"shipping-taxable","16":"product-type-external"},"_links":{"self":[{"href":"https:\/\/escuelanauticasalinas.com\/en\/wp-json\/wp\/v2\/product\/8989","targetHints":{"allow":["GET"]}}],"collection":[{"href":"https:\/\/escuelanauticasalinas.com\/en\/wp-json\/wp\/v2\/product"}],"about":[{"href":"https:\/\/escuelanauticasalinas.com\/en\/wp-json\/wp\/v2\/types\/product"}],"version-history":[{"count":2,"href":"https:\/\/escuelanauticasalinas.com\/en\/wp-json\/wp\/v2\/product\/8989\/revisions"}],"predecessor-version":[{"id":9014,"href":"https:\/\/escuelanauticasalinas.com\/en\/wp-json\/wp\/v2\/product\/8989\/revisions\/9014"}],"wp:featuredmedia":[{"embeddable":true,"href":"https:\/\/escuelanauticasalinas.com\/en\/wp-json\/wp\/v2\/media\/8744"}],"wp:attachment":[{"href":"https:\/\/escuelanauticasalinas.com\/en\/wp-json\/wp\/v2\/media?parent=8989"}],"wp:term":[{"taxonomy":"product_brand","embeddable":true,"href":"https:\/\/escuelanauticasalinas.com\/en\/wp-json\/wp\/v2\/product_brand?post=8989"},{"taxonomy":"product_cat","embeddable":true,"href":"https:\/\/escuelanauticasalinas.com\/en\/wp-json\/wp\/v2\/product_cat?post=8989"},{"taxonomy":"product_tag","embeddable":true,"href":"https:\/\/escuelanauticasalinas.com\/en\/wp-json\/wp\/v2\/product_tag?post=8989"}],"curies":[{"name":"wp","href":"https:\/\/api.w.org\/{rel}","templated":true}]}}