{"id":9656,"date":"2026-01-30T09:53:46","date_gmt":"2026-01-30T09:53:46","guid":{"rendered":"https:\/\/escuelanauticasalinas.com\/?post_type=product&#038;p=9656"},"modified":"2026-01-30T10:14:43","modified_gmt":"2026-01-30T10:14:43","slug":"travesia-ruta-de-la-sal","status":"publish","type":"product","link":"https:\/\/escuelanauticasalinas.com\/en\/product\/travesia-ruta-de-la-sal\/","title":{"rendered":"Traves\u00eda Ruta de la Sal(1 abril &#8211; 6 abril)"},"content":{"rendered":"<p><span class=\"fontstyle0\">La Regata Ruta de la Sal es una regata popular (no necesitas experiencia) para armadores<br \/>\ny tripulaciones, similar a las carreras populares, que se celebra desde 1989 en Semana<br \/>\nSanta y que se ha convertido en cita obligada para viajar a Ibiza todos los a\u00f1os, durante la<br \/>\nSemana Santa.<br \/>\nSe trata de un evento l\u00fadico-festivo-deportivo ideal para disfrutar de unas vacaciones de<br \/>\nSemana Santa distintas participando en una regata.<\/span><\/p>\n<p><span class=\"fontstyle0\"><br \/>\n<strong>Embarque:<\/strong> en Denia el mi\u00e9rcoles 1 de abril. Posibilidad de embarcar el jueves por la ma\u00f1ana.<br \/>\n<strong>Desembarque:<\/strong> en Denia el domingo 5 de abril por la tarde o el lunes 6 de abril por la ma\u00f1ana.<br \/>\n<strong>Recorrido Regata Ruta de la Sal:<\/strong> D\u00e9nia, San Antonio de Portamany (Ibiza) y vuelta a Denia.<\/span><\/p>\n<p><span class=\"fontstyle0\"><br \/>\n<\/span><span class=\"fontstyle2\"><strong>PROGRAMA:<\/strong><br \/>\n<\/span><strong><span class=\"fontstyle2\"><em>MI\u00c9RCOLES 1 de abril:<br \/>\n<\/em><\/span><\/strong><span class=\"fontstyle0\">Embarque en Denia.<br \/>\nAquellos tripulantes que por su trabajo no embarcaron el mi\u00e9rcoles, pueden embarcar en<br \/>\nD\u00e9nia a durante la ma\u00f1ana en el Real Club N\u00e1utico de D\u00e9nia en el puerto de D\u00e9nia,<br \/>\nAlicante.<br \/>\n21:00h \u2013 Cena-buffet de bienvenida para todas las tripulaciones en el restaurante<br \/>\nBalandros en el RCN de Denia<\/span><\/p>\n<p><span class=\"fontstyle2\"><em><strong>JUEVES 2 de abril<\/strong><\/em><br \/>\n<\/span><span class=\"fontstyle0\">Por la ma\u00f1ana temprano, desayuno en la carpa del Real Club N\u00e1utico de D\u00e9nia.<br \/>\n10:00h \u2013 Reuni\u00f3n de patrones<br \/>\n14:00h &#8211; Salida de la regata destino Sant Antoni de Portmany en Ibiza.<br \/>\nLos tripulantes rezagados tienen hasta las 12 para embarcar.<\/span><\/p>\n<p><span class=\"fontstyle2\"><em><strong>VIERNES 3 de abril<\/strong><\/em><br \/>\n<\/span><span class=\"fontstyle0\">Navegaci\u00f3n en alta mar: Los participantes se enfrentar\u00e1n a desaf\u00edos de navegaci\u00f3n y<br \/>\nestrategia mientras avanzan hacia Ibiza.<br \/>\nCompetici\u00f3n amistosa: La regata es una oportunidad para competir, pero tambi\u00e9n para<br \/>\ndisfrutar de la camarader\u00eda entre los navegantes.<br \/>\nPor la tarde\/noche 9:00h-20:00h \u2013 Recepci\u00f3n a regatistas en village de la regata, previsible<br \/>\nllegada de la regata al Club N\u00e1utico de San Antonio en la isla de Ibiza.<br \/>\n18:00h &#8211; 20:00h \u2013 Copa de bienvenida en el Village<\/span><\/p>\n<p><span class=\"fontstyle2\"><em><strong>S\u00c1BADO 4 de abril<\/strong><\/em><br \/>\n<\/span><span class=\"fontstyle0\">10:00h \u2013 Finalizaci\u00f3n tiempo l\u00edmite. D\u00eda libre para visitar la isla.<br \/>\n12:00h \u2013 Rueda de prensa con ganadores de la regata<br \/>\n13:00h-14:00h &#8211; Brindis con los ganadores en el Village<br \/>\n20:00h \u2013 Ceremonia entrega de trofeos en la carpa en el Paseo Mar\u00edtimo de Sant Antoni de<br \/>\nPortmany<br \/>\nCena-buffet de clausura para todas las tripulaciones en el Es N\u00e0utic<br \/>\nRestaurant<\/span><\/p>\n<p><span class=\"fontstyle2\"><em><strong>DOMINGO 5 de abril<\/strong><\/em><br \/>\n<\/span><span class=\"fontstyle0\">De madrugada zarpamos en nuestro velero con destino Denia.<\/span><span class=\"fontstyle2\"><em><strong>LUNES 6 de abril<\/strong><\/em><br \/>\n<\/span><span class=\"fontstyle0\">Se puede pernoctar en los barcos y desembarcar el lunes por la ma\u00f1ana. Fin del viaje y<br \/>\nvuelta a casa.<br \/>\n<\/span><span class=\"fontstyle0\">&#8212;&#8212;&#8212;&#8212;&#8212;&#8212;&#8212;&#8212;&#8212;&#8211;<br \/>\n<\/span><\/p>\n<p><span class=\"fontstyle2\"><strong>El precio incluye:<\/strong><br \/>\nCamiseta conmemorativa, acceso al bufet o comida de bienvenida, comida a bordo,<br \/>\ngastos de amarre y fondeo, patr\u00f3n profesional, combustible, seguro, limpieza final, y<br \/>\nacceso a la cena.<\/span><\/p>\n<p><strong>Forma de pago:<\/strong><br \/>\n400\u20ac en la reserva de plaza y 385\u20ac en el embarque.<br \/>\nSon bienvenidos todos los tripulantes, aunque no conozcan el idioma que se habla a<br \/>\nbordo (espa\u00f1ol\/ingles)<br \/>\nEs necesario tener una licencia federativa (b\u00e1sicamente para tener un seguro) para<br \/>\npoder realizar la regata.<\/p>\n<p><strong>Para formalizar la reserva mediante transferencia bancaria de 400\u20ac a la siguiente cuenta:<\/strong><br \/>\n<strong>Francisco Arana \u00c1lvarez<\/strong><br \/>\n<strong>ES13 0049 4439 5521 1004 9881<br \/>\nResto del precio, 385\u20ac en el embarque<br \/>\n<\/strong><\/p>\n<p data-start=\"1985\" data-end=\"2047\"><strong>Concepto de la reserva:<\/strong> Nombre y apellidos + Ruta de la Sal<br \/>\n(Env\u00edanos el comprobante por Whatsapp al tel\u00e9fono abajo indicado<\/p>\n<p data-start=\"1985\" data-end=\"2047\">\ud83d\udcde Informaci\u00f3n y reservas:<br data-start=\"2011\" data-end=\"2014\" \/><strong data-start=\"2032\" data-end=\"2047\">696 084 003 (Fran)<\/strong><\/p>","protected":false},"excerpt":{"rendered":"<p>La Regata Ruta de la Sal es una regata popular (no necesitas experiencia) para armadores y tripulaciones, similar a las carreras populares, que se celebra &#8230; <a title=\"Traves\u00eda Ruta de la Sal(1 abril &#8211; 6 abril)\" class=\"read-more\" href=\"https:\/\/escuelanauticasalinas.com\/en\/product\/travesia-ruta-de-la-sal\/\" aria-label=\"Read more about Traves\u00eda Ruta de la Sal(1 abril &#8211; 6 abril)\">Leer M\u00e1s<\/a><\/p>","protected":false},"featured_media":9657,"template":"","meta":{"_joinchat":[]},"product_brand":[],"product_cat":[39],"product_tag":[],"class_list":{"0":"post-9656","1":"product","2":"type-product","3":"status-publish","4":"has-post-thumbnail","6":"product_cat-rutas","7":"sales-flash-overlay","8":"woocommerce-text-align-left","9":"woocommerce-image-align-center","10":"do-quantity-buttons","12":"first","13":"instock","14":"taxable","15":"shipping-taxable","16":"product-type-external"},"_links":{"self":[{"href":"https:\/\/escuelanauticasalinas.com\/en\/wp-json\/wp\/v2\/product\/9656","targetHints":{"allow":["GET"]}}],"collection":[{"href":"https:\/\/escuelanauticasalinas.com\/en\/wp-json\/wp\/v2\/product"}],"about":[{"href":"https:\/\/escuelanauticasalinas.com\/en\/wp-json\/wp\/v2\/types\/product"}],"version-history":[{"count":8,"href":"https:\/\/escuelanauticasalinas.com\/en\/wp-json\/wp\/v2\/product\/9656\/revisions"}],"predecessor-version":[{"id":9668,"href":"https:\/\/escuelanauticasalinas.com\/en\/wp-json\/wp\/v2\/product\/9656\/revisions\/9668"}],"wp:featuredmedia":[{"embeddable":true,"href":"https:\/\/escuelanauticasalinas.com\/en\/wp-json\/wp\/v2\/media\/9657"}],"wp:attachment":[{"href":"https:\/\/escuelanauticasalinas.com\/en\/wp-json\/wp\/v2\/media?parent=9656"}],"wp:term":[{"taxonomy":"product_brand","embeddable":true,"href":"https:\/\/escuelanauticasalinas.com\/en\/wp-json\/wp\/v2\/product_brand?post=9656"},{"taxonomy":"product_cat","embeddable":true,"href":"https:\/\/escuelanauticasalinas.com\/en\/wp-json\/wp\/v2\/product_cat?post=9656"},{"taxonomy":"product_tag","embeddable":true,"href":"https:\/\/escuelanauticasalinas.com\/en\/wp-json\/wp\/v2\/product_tag?post=9656"}],"curies":[{"name":"wp","href":"https:\/\/api.w.org\/{rel}","templated":true}]}}